{"id":66309,"date":"2018-08-22T18:28:36","date_gmt":"2018-08-22T18:28:36","guid":{"rendered":"https:\/\/jfstaging.wpengine.com\/telechargez-lappli-jf\/"},"modified":"2023-06-22T14:27:58","modified_gmt":"2023-06-22T14:27:58","slug":"telechargez-lappli-jf","status":"publish","type":"page","link":"https:\/\/www.jffabrics.com\/fr\/telechargez-lappli-jf\/","title":{"rendered":"T\u00e9l\u00e9chargez l&rsquo;Appli JF"},"content":{"rendered":"\t\t<div data-elementor-type=\"wp-post\" data-elementor-id=\"66309\" class=\"elementor elementor-66309 elementor-1672\" data-elementor-post-type=\"page\">\n\t\t\t\t\t\t<section class=\"elementor-section elementor-top-section elementor-element elementor-element-0714933 hero-spacing elementor-section-boxed elementor-section-height-default elementor-section-height-default\" data-id=\"0714933\" data-element_type=\"section\" data-e-type=\"section\">\n\t\t\t\t\t\t<div class=\"elementor-container elementor-column-gap-default\">\n\t\t\t\t\t<div class=\"elementor-column elementor-col-100 elementor-top-column elementor-element elementor-element-0e8ae1a elementor-invisible\" data-id=\"0e8ae1a\" data-element_type=\"column\" data-e-type=\"column\" data-settings=\"{&quot;animation&quot;:&quot;fadeIn&quot;}\">\n\t\t\t<div class=\"elementor-widget-wrap elementor-element-populated\">\n\t\t\t\t\t\t<div class=\"elementor-element elementor-element-be3ec58 hero-border elementor-widget elementor-widget-image\" data-id=\"be3ec58\" data-element_type=\"widget\" data-e-type=\"widget\" data-widget_type=\"image.default\">\n\t\t\t\t<div class=\"elementor-widget-container\">\n\t\t\t\t\t\t\t\t\t\t\t\t\t\t\t<img fetchpriority=\"high\" decoding=\"async\" width=\"2000\" height=\"1333\" src=\"https:\/\/www.jffabrics.com\/wp-content\/uploads\/2023\/06\/JF-Toolkit-banner-2000x1333.jpg\" class=\"attachment-full size-full wp-image-123401\" alt=\"\" srcset=\"https:\/\/www.jffabrics.com\/wp-content\/uploads\/2023\/06\/JF-Toolkit-banner-2000x1333.jpg 2000w, https:\/\/www.jffabrics.com\/wp-content\/uploads\/2023\/06\/JF-Toolkit-banner-300x200.jpg 300w, https:\/\/www.jffabrics.com\/wp-content\/uploads\/2023\/06\/JF-Toolkit-banner-1024x683.jpg 1024w, https:\/\/www.jffabrics.com\/wp-content\/uploads\/2023\/06\/JF-Toolkit-banner-768x512.jpg 768w, https:\/\/www.jffabrics.com\/wp-content\/uploads\/2023\/06\/JF-Toolkit-banner-1536x1024.jpg 1536w, https:\/\/www.jffabrics.com\/wp-content\/uploads\/2023\/06\/JF-Toolkit-banner-2048x1365.jpg 2048w, https:\/\/www.jffabrics.com\/wp-content\/uploads\/2023\/06\/JF-Toolkit-banner-850x567.jpg 850w, https:\/\/www.jffabrics.com\/wp-content\/uploads\/2023\/06\/JF-Toolkit-banner-650x433.jpg 650w, https:\/\/www.jffabrics.com\/wp-content\/uploads\/2023\/06\/JF-Toolkit-banner-90x60.jpg 90w, https:\/\/www.jffabrics.com\/wp-content\/uploads\/2023\/06\/JF-Toolkit-banner.jpg 2250w\" sizes=\"(max-width: 2000px) 100vw, 2000px\" \/>\t\t\t\t\t\t\t\t\t\t\t\t\t\t\t<\/div>\n\t\t\t\t<\/div>\n\t\t\t\t\t<\/div>\n\t\t<\/div>\n\t\t\t\t\t<\/div>\n\t\t<\/section>\n\t\t\t\t<section class=\"elementor-section elementor-top-section elementor-element elementor-element-39bd4cc elementor-section-boxed elementor-section-height-default elementor-section-height-default\" data-id=\"39bd4cc\" data-element_type=\"section\" data-e-type=\"section\">\n\t\t\t\t\t\t<div class=\"elementor-container elementor-column-gap-default\">\n\t\t\t\t\t<div class=\"elementor-column elementor-col-100 elementor-top-column elementor-element elementor-element-554ae95 aos-type-fade aos-once-true\" data-id=\"554ae95\" data-element_type=\"column\" data-e-type=\"column\">\n\t\t\t<div class=\"elementor-widget-wrap elementor-element-populated\">\n\t\t\t\t\t\t<div class=\"elementor-element elementor-element-24a6a79 elementor-widget elementor-widget-text-editor\" data-id=\"24a6a79\" data-element_type=\"widget\" data-e-type=\"widget\" data-widget_type=\"text-editor.default\">\n\t\t\t\t<div class=\"elementor-widget-container\">\n\t\t\t\t\t\t\t\t\t<h1 class=\"dot-wrap\">T\u00e9l\u00e9chargez l&rsquo;Appli JF<\/h1>\n\t\t\t\t\t\t\t\t<\/div>\n\t\t\t\t<\/div>\n\t\t\t\t\t<\/div>\n\t\t<\/div>\n\t\t\t\t\t<\/div>\n\t\t<\/section>\n\t\t\t\t<section class=\"elementor-section elementor-top-section elementor-element elementor-element-4de8fc6 elementor-section-boxed elementor-section-height-default elementor-section-height-default\" data-id=\"4de8fc6\" data-element_type=\"section\" data-e-type=\"section\">\n\t\t\t\t\t\t<div class=\"elementor-container elementor-column-gap-default\">\n\t\t\t\t\t<div class=\"elementor-column elementor-col-50 elementor-top-column elementor-element elementor-element-110c858 pad-left aos-type-fade aos-once-true\" data-id=\"110c858\" data-element_type=\"column\" data-e-type=\"column\">\n\t\t\t<div class=\"elementor-widget-wrap elementor-element-populated\">\n\t\t\t\t\t\t<div class=\"elementor-element elementor-element-c70281e elementor-widget elementor-widget-text-editor\" data-id=\"c70281e\" data-element_type=\"widget\" data-e-type=\"widget\" data-widget_type=\"text-editor.default\">\n\t\t\t\t<div class=\"elementor-widget-container\">\n\t\t\t\t\t\t\t\t\t<p class=\"intro\">Avec cette application, vous pourrez faire des recherches sur l&rsquo;ensemble des produits de JF Fabrics et :<\/p>\r\n\r\n<ul>\r\n \t<li>Scanner les codes-barres des \u00e9chantillons pour v\u00e9rifier la disponibilit\u00e9, le prix et quels produits sont actifs<\/li>\r\n \t<li>Mettre rapidement \u00e0 jour votre biblioth\u00e8que d&rsquo;\u00e9chantillons<\/li>\r\n \t<li>\u00eatre au courant des derni\u00e8res nouveaut\u00e9s de JF Fabrics<\/li>\r\n \t<li>Trouver des salles d&rsquo;exposition<\/li>\r\n \t<li>Trouver des coordonn\u00e9es de contact<\/li>\r\n \t<li>Acc\u00e9der \u00e0 notre site Web mobile<\/li>\r\n<\/ul>\t\t\t\t\t\t\t\t<\/div>\n\t\t\t\t<\/div>\n\t\t\t\t\t<\/div>\n\t\t<\/div>\n\t\t\t\t<div class=\"elementor-column elementor-col-50 elementor-top-column elementor-element elementor-element-18c347e aos-type-fade-left aos-once-true aos-delay-250 aos-duration-750 aos-easing-ease-out\" data-id=\"18c347e\" data-element_type=\"column\" data-e-type=\"column\">\n\t\t\t<div class=\"elementor-widget-wrap elementor-element-populated\">\n\t\t\t\t\t\t<div class=\"elementor-element elementor-element-da39902 elementor-widget elementor-widget-image\" data-id=\"da39902\" data-element_type=\"widget\" data-e-type=\"widget\" data-widget_type=\"image.default\">\n\t\t\t\t<div class=\"elementor-widget-container\">\n\t\t\t\t\t\t\t\t\t\t\t\t\t\t\t<img decoding=\"async\" width=\"1017\" height=\"915\" src=\"https:\/\/www.jffabrics.com\/wp-content\/uploads\/2018\/08\/app-phones.png\" class=\"attachment-large size-large wp-image-1680\" alt=\"\" srcset=\"https:\/\/www.jffabrics.com\/wp-content\/uploads\/2018\/08\/app-phones.png 1017w, https:\/\/www.jffabrics.com\/wp-content\/uploads\/2018\/08\/app-phones-300x270.png 300w, https:\/\/www.jffabrics.com\/wp-content\/uploads\/2018\/08\/app-phones-768x691.png 768w, https:\/\/www.jffabrics.com\/wp-content\/uploads\/2018\/08\/app-phones-850x765.png 850w, https:\/\/www.jffabrics.com\/wp-content\/uploads\/2018\/08\/app-phones-67x60.png 67w\" sizes=\"(max-width: 1017px) 100vw, 1017px\" \/>\t\t\t\t\t\t\t\t\t\t\t\t\t\t\t<\/div>\n\t\t\t\t<\/div>\n\t\t\t\t\t<\/div>\n\t\t<\/div>\n\t\t\t\t\t<\/div>\n\t\t<\/section>\n\t\t\t\t<section class=\"elementor-section elementor-top-section elementor-element elementor-element-db8227f aos-type-fade aos-once-true elementor-section-boxed elementor-section-height-default elementor-section-height-default\" data-id=\"db8227f\" data-element_type=\"section\" data-e-type=\"section\">\n\t\t\t\t\t\t<div class=\"elementor-container elementor-column-gap-default\">\n\t\t\t\t\t<div class=\"elementor-column elementor-col-50 elementor-top-column elementor-element elementor-element-4268c60\" data-id=\"4268c60\" data-element_type=\"column\" data-e-type=\"column\">\n\t\t\t<div class=\"elementor-widget-wrap elementor-element-populated\">\n\t\t\t\t\t\t<div class=\"elementor-element elementor-element-f9d2a39 elementor-widget elementor-widget-image\" data-id=\"f9d2a39\" data-element_type=\"widget\" data-e-type=\"widget\" data-widget_type=\"image.default\">\n\t\t\t\t<div class=\"elementor-widget-container\">\n\t\t\t\t\t\t\t\t\t\t\t\t\t\t\t\t<a href=\"https:\/\/play.google.com\/store\/apps\/details?id=com.jffabrics.jffabricscustomertoolkit&#038;hl=en\" target=\"_blank\">\n\t\t\t\t\t\t\t<img decoding=\"async\" src=\"https:\/\/www.jffabrics.com\/wp-content\/uploads\/elementor\/thumbs\/app-google-o9lxwj6sowr8m65mo5e5fryz6tvne1t117u1zsbt34.png\" title=\"app-google\" alt=\"Get it on Google Play\" loading=\"lazy\" \/>\t\t\t\t\t\t\t\t<\/a>\n\t\t\t\t\t\t\t\t\t\t\t\t\t\t\t<\/div>\n\t\t\t\t<\/div>\n\t\t\t\t\t<\/div>\n\t\t<\/div>\n\t\t\t\t<div class=\"elementor-column elementor-col-50 elementor-top-column elementor-element elementor-element-1bd167d\" data-id=\"1bd167d\" data-element_type=\"column\" data-e-type=\"column\">\n\t\t\t<div class=\"elementor-widget-wrap elementor-element-populated\">\n\t\t\t\t\t\t<div class=\"elementor-element elementor-element-db141c4 elementor-widget elementor-widget-image\" data-id=\"db141c4\" data-element_type=\"widget\" data-e-type=\"widget\" data-widget_type=\"image.default\">\n\t\t\t\t<div class=\"elementor-widget-container\">\n\t\t\t\t\t\t\t\t\t\t\t\t\t\t\t\t<a href=\"https:\/\/itunes.apple.com\/ca\/app\/jffabricstoolkit\/id1257226547\" target=\"_blank\">\n\t\t\t\t\t\t\t<img decoding=\"async\" src=\"https:\/\/www.jffabrics.com\/wp-content\/uploads\/elementor\/thumbs\/app-apple-o9lxwj6sowr8m65mo5e5fryz6tvne1t117u1zsbt34.png\" title=\"app-apple\" alt=\"Download on the App Store\" loading=\"lazy\" \/>\t\t\t\t\t\t\t\t<\/a>\n\t\t\t\t\t\t\t\t\t\t\t\t\t\t\t<\/div>\n\t\t\t\t<\/div>\n\t\t\t\t\t<\/div>\n\t\t<\/div>\n\t\t\t\t\t<\/div>\n\t\t<\/section>\n\t\t\t\t<\/div>\n\t\t","protected":false},"excerpt":{"rendered":"<p>T\u00e9l\u00e9chargez l&rsquo;Appli JF Avec cette application, vous pourrez faire des recherches sur l&rsquo;ensemble des produits de JF Fabrics et :&#8230; <a class=\"excerpt-read-more\" href=\"https:\/\/www.jffabrics.com\/fr\/telechargez-lappli-jf\/\" title=\"LuT\u00e9l\u00e9chargez l&rsquo;Appli JF\">En lire plus<\/a><\/p>\n","protected":false},"author":2,"featured_media":328,"parent":0,"menu_order":0,"comment_status":"closed","ping_status":"closed","template":"elementor_header_footer","meta":{"_acf_changed":false,"footnotes":""},"class_list":["post-66309","page","type-page","status-publish","has-post-thumbnail","hentry"],"acf":[],"yoast_head":"<!-- This site is optimized with the Yoast SEO plugin v27.3 - https:\/\/yoast.com\/product\/yoast-seo-wordpress\/ -->\n<title>T\u00e9l\u00e9chargez l&#039;Appli JF - JF Fabrics<\/title>\n<meta name=\"robots\" content=\"index, follow, max-snippet:-1, max-image-preview:large, max-video-preview:-1\" \/>\n<link rel=\"canonical\" href=\"https:\/\/www.jffabrics.com\/fr\/telechargez-lappli-jf\/\" \/>\n<meta property=\"og:locale\" content=\"fr_FR\" \/>\n<meta property=\"og:type\" content=\"article\" \/>\n<meta property=\"og:title\" content=\"T\u00e9l\u00e9chargez l&#039;Appli JF - JF Fabrics\" \/>\n<meta property=\"og:description\" content=\"T\u00e9l\u00e9chargez l&rsquo;Appli JF Avec cette application, vous pourrez faire des recherches sur l&rsquo;ensemble des produits de JF Fabrics et :... En lire plus\" \/>\n<meta property=\"og:url\" content=\"https:\/\/www.jffabrics.com\/fr\/telechargez-lappli-jf\/\" \/>\n<meta property=\"og:site_name\" content=\"JF Fabrics\" \/>\n<meta property=\"article:modified_time\" content=\"2023-06-22T14:27:58+00:00\" \/>\n<meta property=\"og:image\" content=\"https:\/\/www.jffabrics.com\/wp-content\/uploads\/2018\/08\/jf-aboutus-hero.jpg\" \/>\n\t<meta property=\"og:image:width\" content=\"1200\" \/>\n\t<meta property=\"og:image:height\" content=\"600\" \/>\n\t<meta property=\"og:image:type\" content=\"image\/jpeg\" \/>\n<meta name=\"twitter:card\" content=\"summary_large_image\" \/>\n<script type=\"application\/ld+json\" class=\"yoast-schema-graph\">{\"@context\":\"https:\\\/\\\/schema.org\",\"@graph\":[{\"@type\":\"WebPage\",\"@id\":\"https:\\\/\\\/www.jffabrics.com\\\/fr\\\/telechargez-lappli-jf\\\/\",\"url\":\"https:\\\/\\\/www.jffabrics.com\\\/fr\\\/telechargez-lappli-jf\\\/\",\"name\":\"T\u00e9l\u00e9chargez l'Appli JF - JF Fabrics\",\"isPartOf\":{\"@id\":\"https:\\\/\\\/www.jffabrics.com\\\/fr\\\/#website\"},\"primaryImageOfPage\":{\"@id\":\"https:\\\/\\\/www.jffabrics.com\\\/fr\\\/telechargez-lappli-jf\\\/#primaryimage\"},\"image\":{\"@id\":\"https:\\\/\\\/www.jffabrics.com\\\/fr\\\/telechargez-lappli-jf\\\/#primaryimage\"},\"thumbnailUrl\":\"https:\\\/\\\/www.jffabrics.com\\\/wp-content\\\/uploads\\\/2018\\\/08\\\/jf-aboutus-hero.jpg\",\"datePublished\":\"2018-08-22T18:28:36+00:00\",\"dateModified\":\"2023-06-22T14:27:58+00:00\",\"breadcrumb\":{\"@id\":\"https:\\\/\\\/www.jffabrics.com\\\/fr\\\/telechargez-lappli-jf\\\/#breadcrumb\"},\"inLanguage\":\"fr-FR\",\"potentialAction\":[{\"@type\":\"ReadAction\",\"target\":[\"https:\\\/\\\/www.jffabrics.com\\\/fr\\\/telechargez-lappli-jf\\\/\"]}]},{\"@type\":\"ImageObject\",\"inLanguage\":\"fr-FR\",\"@id\":\"https:\\\/\\\/www.jffabrics.com\\\/fr\\\/telechargez-lappli-jf\\\/#primaryimage\",\"url\":\"https:\\\/\\\/www.jffabrics.com\\\/wp-content\\\/uploads\\\/2018\\\/08\\\/jf-aboutus-hero.jpg\",\"contentUrl\":\"https:\\\/\\\/www.jffabrics.com\\\/wp-content\\\/uploads\\\/2018\\\/08\\\/jf-aboutus-hero.jpg\",\"width\":1200,\"height\":600,\"caption\":\"About Us Hero\"},{\"@type\":\"BreadcrumbList\",\"@id\":\"https:\\\/\\\/www.jffabrics.com\\\/fr\\\/telechargez-lappli-jf\\\/#breadcrumb\",\"itemListElement\":[{\"@type\":\"ListItem\",\"position\":1,\"name\":\"Home\",\"item\":\"https:\\\/\\\/www.jffabrics.com\\\/fr\\\/\"},{\"@type\":\"ListItem\",\"position\":2,\"name\":\"T\u00e9l\u00e9chargez l&#8217;Appli JF\"}]},{\"@type\":\"WebSite\",\"@id\":\"https:\\\/\\\/www.jffabrics.com\\\/fr\\\/#website\",\"url\":\"https:\\\/\\\/www.jffabrics.com\\\/fr\\\/\",\"name\":\"JF Fabrics\",\"description\":\"Cr\u00e9ativit\u00e9 sur demande\",\"publisher\":{\"@id\":\"https:\\\/\\\/www.jffabrics.com\\\/fr\\\/#organization\"},\"potentialAction\":[{\"@type\":\"SearchAction\",\"target\":{\"@type\":\"EntryPoint\",\"urlTemplate\":\"https:\\\/\\\/www.jffabrics.com\\\/fr\\\/?s={search_term_string}\"},\"query-input\":{\"@type\":\"PropertyValueSpecification\",\"valueRequired\":true,\"valueName\":\"search_term_string\"}}],\"inLanguage\":\"fr-FR\"},{\"@type\":\"Organization\",\"@id\":\"https:\\\/\\\/www.jffabrics.com\\\/fr\\\/#organization\",\"name\":\"JF Fabrics\",\"url\":\"https:\\\/\\\/www.jffabrics.com\\\/fr\\\/\",\"logo\":{\"@type\":\"ImageObject\",\"inLanguage\":\"fr-FR\",\"@id\":\"https:\\\/\\\/www.jffabrics.com\\\/fr\\\/#\\\/schema\\\/logo\\\/image\\\/\",\"url\":\"https:\\\/\\\/www.jffabrics.com\\\/wp-content\\\/uploads\\\/2018\\\/07\\\/jf-logo-black.svg\",\"contentUrl\":\"https:\\\/\\\/www.jffabrics.com\\\/wp-content\\\/uploads\\\/2018\\\/07\\\/jf-logo-black.svg\",\"caption\":\"JF Fabrics\"},\"image\":{\"@id\":\"https:\\\/\\\/www.jffabrics.com\\\/fr\\\/#\\\/schema\\\/logo\\\/image\\\/\"}}]}<\/script>\n<!-- \/ Yoast SEO plugin. -->","yoast_head_json":{"title":"T\u00e9l\u00e9chargez l'Appli JF - JF Fabrics","robots":{"index":"index","follow":"follow","max-snippet":"max-snippet:-1","max-image-preview":"max-image-preview:large","max-video-preview":"max-video-preview:-1"},"canonical":"https:\/\/www.jffabrics.com\/fr\/telechargez-lappli-jf\/","og_locale":"fr_FR","og_type":"article","og_title":"T\u00e9l\u00e9chargez l'Appli JF - JF Fabrics","og_description":"T\u00e9l\u00e9chargez l&rsquo;Appli JF Avec cette application, vous pourrez faire des recherches sur l&rsquo;ensemble des produits de JF Fabrics et :... En lire plus","og_url":"https:\/\/www.jffabrics.com\/fr\/telechargez-lappli-jf\/","og_site_name":"JF Fabrics","article_modified_time":"2023-06-22T14:27:58+00:00","og_image":[{"width":1200,"height":600,"url":"https:\/\/www.jffabrics.com\/wp-content\/uploads\/2018\/08\/jf-aboutus-hero.jpg","type":"image\/jpeg"}],"twitter_card":"summary_large_image","schema":{"@context":"https:\/\/schema.org","@graph":[{"@type":"WebPage","@id":"https:\/\/www.jffabrics.com\/fr\/telechargez-lappli-jf\/","url":"https:\/\/www.jffabrics.com\/fr\/telechargez-lappli-jf\/","name":"T\u00e9l\u00e9chargez l'Appli JF - JF Fabrics","isPartOf":{"@id":"https:\/\/www.jffabrics.com\/fr\/#website"},"primaryImageOfPage":{"@id":"https:\/\/www.jffabrics.com\/fr\/telechargez-lappli-jf\/#primaryimage"},"image":{"@id":"https:\/\/www.jffabrics.com\/fr\/telechargez-lappli-jf\/#primaryimage"},"thumbnailUrl":"https:\/\/www.jffabrics.com\/wp-content\/uploads\/2018\/08\/jf-aboutus-hero.jpg","datePublished":"2018-08-22T18:28:36+00:00","dateModified":"2023-06-22T14:27:58+00:00","breadcrumb":{"@id":"https:\/\/www.jffabrics.com\/fr\/telechargez-lappli-jf\/#breadcrumb"},"inLanguage":"fr-FR","potentialAction":[{"@type":"ReadAction","target":["https:\/\/www.jffabrics.com\/fr\/telechargez-lappli-jf\/"]}]},{"@type":"ImageObject","inLanguage":"fr-FR","@id":"https:\/\/www.jffabrics.com\/fr\/telechargez-lappli-jf\/#primaryimage","url":"https:\/\/www.jffabrics.com\/wp-content\/uploads\/2018\/08\/jf-aboutus-hero.jpg","contentUrl":"https:\/\/www.jffabrics.com\/wp-content\/uploads\/2018\/08\/jf-aboutus-hero.jpg","width":1200,"height":600,"caption":"About Us Hero"},{"@type":"BreadcrumbList","@id":"https:\/\/www.jffabrics.com\/fr\/telechargez-lappli-jf\/#breadcrumb","itemListElement":[{"@type":"ListItem","position":1,"name":"Home","item":"https:\/\/www.jffabrics.com\/fr\/"},{"@type":"ListItem","position":2,"name":"T\u00e9l\u00e9chargez l&#8217;Appli JF"}]},{"@type":"WebSite","@id":"https:\/\/www.jffabrics.com\/fr\/#website","url":"https:\/\/www.jffabrics.com\/fr\/","name":"JF Fabrics","description":"Cr\u00e9ativit\u00e9 sur demande","publisher":{"@id":"https:\/\/www.jffabrics.com\/fr\/#organization"},"potentialAction":[{"@type":"SearchAction","target":{"@type":"EntryPoint","urlTemplate":"https:\/\/www.jffabrics.com\/fr\/?s={search_term_string}"},"query-input":{"@type":"PropertyValueSpecification","valueRequired":true,"valueName":"search_term_string"}}],"inLanguage":"fr-FR"},{"@type":"Organization","@id":"https:\/\/www.jffabrics.com\/fr\/#organization","name":"JF Fabrics","url":"https:\/\/www.jffabrics.com\/fr\/","logo":{"@type":"ImageObject","inLanguage":"fr-FR","@id":"https:\/\/www.jffabrics.com\/fr\/#\/schema\/logo\/image\/","url":"https:\/\/www.jffabrics.com\/wp-content\/uploads\/2018\/07\/jf-logo-black.svg","contentUrl":"https:\/\/www.jffabrics.com\/wp-content\/uploads\/2018\/07\/jf-logo-black.svg","caption":"JF Fabrics"},"image":{"@id":"https:\/\/www.jffabrics.com\/fr\/#\/schema\/logo\/image\/"}}]}},"_links":{"self":[{"href":"https:\/\/www.jffabrics.com\/fr\/wp-json\/wp\/v2\/pages\/66309","targetHints":{"allow":["GET"]}}],"collection":[{"href":"https:\/\/www.jffabrics.com\/fr\/wp-json\/wp\/v2\/pages"}],"about":[{"href":"https:\/\/www.jffabrics.com\/fr\/wp-json\/wp\/v2\/types\/page"}],"author":[{"embeddable":true,"href":"https:\/\/www.jffabrics.com\/fr\/wp-json\/wp\/v2\/users\/2"}],"replies":[{"embeddable":true,"href":"https:\/\/www.jffabrics.com\/fr\/wp-json\/wp\/v2\/comments?post=66309"}],"version-history":[{"count":0,"href":"https:\/\/www.jffabrics.com\/fr\/wp-json\/wp\/v2\/pages\/66309\/revisions"}],"wp:featuredmedia":[{"embeddable":true,"href":"https:\/\/www.jffabrics.com\/fr\/wp-json\/wp\/v2\/media\/328"}],"wp:attachment":[{"href":"https:\/\/www.jffabrics.com\/fr\/wp-json\/wp\/v2\/media?parent=66309"}],"curies":[{"name":"wp","href":"https:\/\/api.w.org\/{rel}","templated":true}]}}