{"id":64655,"date":"2018-06-07T20:38:21","date_gmt":"2018-06-07T20:38:21","guid":{"rendered":"https:\/\/jfstaging.wpengine.com\/confidentialite\/"},"modified":"2019-02-22T20:57:42","modified_gmt":"2019-02-22T20:57:42","slug":"confidentialite","status":"publish","type":"page","link":"https:\/\/www.jffabrics.com\/fr\/confidentialite\/","title":{"rendered":"Confidentialit\u00e9"},"content":{"rendered":"\t\t<div data-elementor-type=\"wp-post\" data-elementor-id=\"64655\" class=\"elementor elementor-64655 elementor-150\" data-elementor-post-type=\"page\">\n\t\t\t\t\t\t<section class=\"elementor-section elementor-top-section elementor-element elementor-element-b3f26ad elementor-section-boxed elementor-section-height-default elementor-section-height-default\" data-id=\"b3f26ad\" data-element_type=\"section\" data-e-type=\"section\">\n\t\t\t\t\t\t<div class=\"elementor-container elementor-column-gap-default\">\n\t\t\t\t\t<div class=\"elementor-column elementor-col-100 elementor-top-column elementor-element elementor-element-2e988b0\" data-id=\"2e988b0\" data-element_type=\"column\" data-e-type=\"column\">\n\t\t\t<div class=\"elementor-widget-wrap elementor-element-populated\">\n\t\t\t\t\t\t<div class=\"elementor-element elementor-element-430a3b8 elementor-widget elementor-widget-text-editor\" data-id=\"430a3b8\" data-element_type=\"widget\" data-e-type=\"widget\" data-widget_type=\"text-editor.default\">\n\t\t\t\t<div class=\"elementor-widget-container\">\n\t\t\t\t\t\t\t\t\t<h1 class=\"dot-wrap\">Confidentialit\u00e9<\/h1>\n\t\t\t\t\t\t\t\t<\/div>\n\t\t\t\t<\/div>\n\t\t\t\t\t<\/div>\n\t\t<\/div>\n\t\t\t\t\t<\/div>\n\t\t<\/section>\n\t\t\t\t<section class=\"elementor-section elementor-top-section elementor-element elementor-element-ec3fc56 privacy elementor-section-boxed elementor-section-height-default elementor-section-height-default\" data-id=\"ec3fc56\" data-element_type=\"section\" data-e-type=\"section\">\n\t\t\t\t\t\t<div class=\"elementor-container elementor-column-gap-default\">\n\t\t\t\t\t<div class=\"elementor-column elementor-col-16 elementor-top-column elementor-element elementor-element-94bc21c\" data-id=\"94bc21c\" data-element_type=\"column\" data-e-type=\"column\">\n\t\t\t<div class=\"elementor-widget-wrap\">\n\t\t\t\t\t\t\t<\/div>\n\t\t<\/div>\n\t\t\t\t<div class=\"elementor-column elementor-col-66 elementor-top-column elementor-element elementor-element-71596e7\" data-id=\"71596e7\" data-element_type=\"column\" data-e-type=\"column\">\n\t\t\t<div class=\"elementor-widget-wrap elementor-element-populated\">\n\t\t\t\t\t\t<div class=\"elementor-element elementor-element-15ae3ff elementor-widget elementor-widget-heading\" data-id=\"15ae3ff\" data-element_type=\"widget\" data-e-type=\"widget\" data-widget_type=\"heading.default\">\n\t\t\t\t<div class=\"elementor-widget-container\">\n\t\t\t\t\t<h2 class=\"elementor-heading-title elementor-size-default\">ENTENTE SUR LES CONDITIONS D'UTILISATION<\/h2>\t\t\t\t<\/div>\n\t\t\t\t<\/div>\n\t\t\t\t<div class=\"elementor-element elementor-element-5d2ce48 elementor-widget elementor-widget-spacer\" data-id=\"5d2ce48\" data-element_type=\"widget\" data-e-type=\"widget\" data-widget_type=\"spacer.default\">\n\t\t\t\t<div class=\"elementor-widget-container\">\n\t\t\t\t\t\t\t<div class=\"elementor-spacer\">\n\t\t\t<div class=\"elementor-spacer-inner\"><\/div>\n\t\t<\/div>\n\t\t\t\t\t\t<\/div>\n\t\t\t\t<\/div>\n\t\t\t\t<div class=\"elementor-element elementor-element-44a1b21 elementor-widget elementor-widget-heading\" data-id=\"44a1b21\" data-element_type=\"widget\" data-e-type=\"widget\" data-widget_type=\"heading.default\">\n\t\t\t\t<div class=\"elementor-widget-container\">\n\t\t\t\t\t<h3 class=\"elementor-heading-title elementor-size-default\">JOANNE FABRICS INC.\/JF FABRICS INC.<\/h3>\t\t\t\t<\/div>\n\t\t\t\t<\/div>\n\t\t\t\t<div class=\"elementor-element elementor-element-11bda35 elementor-widget elementor-widget-text-editor\" data-id=\"11bda35\" data-element_type=\"widget\" data-e-type=\"widget\" data-widget_type=\"text-editor.default\">\n\t\t\t\t<div class=\"elementor-widget-container\">\n\t\t\t\t\t\t\t\t\t<h4>Droits d\u2019auteur, marques de commerce et restrictions<\/h4>\n<p>Tout le mat\u00e9riel se trouvant sur ce site, y compris, mais sans s\u2019y limiter, les logos, les illustrations, les vid\u00e9os, les images, les textes et les sp\u00e9cifications, est la propri\u00e9t\u00e9 de l\u2019entreprise ou de ses fournisseurs de contenu, et est prot\u00e9g\u00e9 par les lois nord-am\u00e9ricaines et internationales sur le droit d\u2019auteur. Vous ne pouvez pas, et ces conditions d\u2019utilisation ne vous en donnent pas l\u2019autorisation, reproduire, modifier, ou cr\u00e9er des \u0153uvres d\u00e9riv\u00e9es du site Web de l\u2019Entreprise. Tous les mots et les symboles d\u00e9sign\u00e9s par \u00ae ou \u2122 et utilis\u00e9s avec les produits et les services de l\u2019Entreprise, ou y \u00e9tant li\u00e9s, sont des marques de commerce appartenant \u00e0 l\u2019Entreprise, lesquelles sont prot\u00e9g\u00e9es en vertu des lois f\u00e9d\u00e9rales et provinciales et des \u00c9tats.<\/p>\n<h4>Descriptions des produits<\/h4>\n<p>L\u2019Entreprise s\u2019efforce d\u2019assurer l\u2019exactitude des pr\u00e9sentations de ses produits et du contenu de son site Web. Cependant, il est possible que les images \u00e9lectroniques affich\u00e9es sur les \u00e9crans d\u2019ordinateurs ne reproduisent pas fid\u00e8lement les couleurs ou n\u2019aient pas la r\u00e9solution requise pour repr\u00e9senter parfaitement nos produits. L\u2019Entreprise et ses entreprises affili\u00e9es ne garantissent pas que les descriptions des produits, les images et le contenu du site Web soient sans erreur. Nous vous conseillons de demander un \u00e9chantillon, qui vous sera pr\u00eat\u00e9, avant de prendre une d\u00e9cision d\u2019achat.<\/p>\n<p>Veuillez noter que les images des produits de l\u2019Entreprise figurant sur le site Web n\u2019appartiennent pas au domaine public. Vous n\u2019avez pas le droit de les copier ni de les t\u00e9l\u00e9charger, de les modifier, de les redistribuer ou de les r\u00e9afficher sans notre consentement \u00e9crit pr\u00e9alable.<\/p>\n\t\t\t\t\t\t\t\t<\/div>\n\t\t\t\t<\/div>\n\t\t\t\t\t<\/div>\n\t\t<\/div>\n\t\t\t\t<div class=\"elementor-column elementor-col-16 elementor-top-column elementor-element elementor-element-b39e264\" data-id=\"b39e264\" data-element_type=\"column\" data-e-type=\"column\">\n\t\t\t<div class=\"elementor-widget-wrap\">\n\t\t\t\t\t\t\t<\/div>\n\t\t<\/div>\n\t\t\t\t\t<\/div>\n\t\t<\/section>\n\t\t\t\t<\/div>\n\t\t","protected":false},"excerpt":{"rendered":"<p>Confidentialit\u00e9 ENTENTE SUR LES CONDITIONS D&rsquo;UTILISATION JOANNE FABRICS INC.\/JF FABRICS INC. Droits d\u2019auteur, marques de commerce et restrictions Tout le&#8230; <a class=\"excerpt-read-more\" href=\"https:\/\/www.jffabrics.com\/fr\/confidentialite\/\" title=\"LuConfidentialit\u00e9\">En lire plus<\/a><\/p>\n","protected":false},"author":2,"featured_media":0,"parent":0,"menu_order":0,"comment_status":"closed","ping_status":"closed","template":"","meta":{"_acf_changed":false,"footnotes":""},"class_list":["post-64655","page","type-page","status-publish","hentry"],"acf":[],"yoast_head":"<!-- This site is optimized with the Yoast SEO plugin v27.3 - https:\/\/yoast.com\/product\/yoast-seo-wordpress\/ -->\n<title>Confidentialit\u00e9 - JF Fabrics<\/title>\n<meta name=\"robots\" content=\"index, follow, max-snippet:-1, max-image-preview:large, max-video-preview:-1\" \/>\n<link rel=\"canonical\" href=\"https:\/\/www.jffabrics.com\/fr\/confidentialite\/\" \/>\n<meta property=\"og:locale\" content=\"fr_FR\" \/>\n<meta property=\"og:type\" content=\"article\" \/>\n<meta property=\"og:title\" content=\"Confidentialit\u00e9 - JF Fabrics\" \/>\n<meta property=\"og:description\" content=\"Confidentialit\u00e9 ENTENTE SUR LES CONDITIONS D&rsquo;UTILISATION JOANNE FABRICS INC.\/JF FABRICS INC. Droits d\u2019auteur, marques de commerce et restrictions Tout le... En lire plus\" \/>\n<meta property=\"og:url\" content=\"https:\/\/www.jffabrics.com\/fr\/confidentialite\/\" \/>\n<meta property=\"og:site_name\" content=\"JF Fabrics\" \/>\n<meta property=\"article:modified_time\" content=\"2019-02-22T20:57:42+00:00\" \/>\n<meta name=\"twitter:card\" content=\"summary_large_image\" \/>\n<meta name=\"twitter:label1\" content=\"Dur\u00e9e de lecture estim\u00e9e\" \/>\n\t<meta name=\"twitter:data1\" content=\"2 minutes\" \/>\n<script type=\"application\/ld+json\" class=\"yoast-schema-graph\">{\"@context\":\"https:\\\/\\\/schema.org\",\"@graph\":[{\"@type\":\"WebPage\",\"@id\":\"https:\\\/\\\/www.jffabrics.com\\\/fr\\\/confidentialite\\\/\",\"url\":\"https:\\\/\\\/www.jffabrics.com\\\/fr\\\/confidentialite\\\/\",\"name\":\"Confidentialit\u00e9 - JF Fabrics\",\"isPartOf\":{\"@id\":\"https:\\\/\\\/www.jffabrics.com\\\/fr\\\/#website\"},\"datePublished\":\"2018-06-07T20:38:21+00:00\",\"dateModified\":\"2019-02-22T20:57:42+00:00\",\"breadcrumb\":{\"@id\":\"https:\\\/\\\/www.jffabrics.com\\\/fr\\\/confidentialite\\\/#breadcrumb\"},\"inLanguage\":\"fr-FR\",\"potentialAction\":[{\"@type\":\"ReadAction\",\"target\":[\"https:\\\/\\\/www.jffabrics.com\\\/fr\\\/confidentialite\\\/\"]}]},{\"@type\":\"BreadcrumbList\",\"@id\":\"https:\\\/\\\/www.jffabrics.com\\\/fr\\\/confidentialite\\\/#breadcrumb\",\"itemListElement\":[{\"@type\":\"ListItem\",\"position\":1,\"name\":\"Home\",\"item\":\"https:\\\/\\\/www.jffabrics.com\\\/fr\\\/\"},{\"@type\":\"ListItem\",\"position\":2,\"name\":\"Confidentialit\u00e9\"}]},{\"@type\":\"WebSite\",\"@id\":\"https:\\\/\\\/www.jffabrics.com\\\/fr\\\/#website\",\"url\":\"https:\\\/\\\/www.jffabrics.com\\\/fr\\\/\",\"name\":\"JF Fabrics\",\"description\":\"Cr\u00e9ativit\u00e9 sur demande\",\"publisher\":{\"@id\":\"https:\\\/\\\/www.jffabrics.com\\\/fr\\\/#organization\"},\"potentialAction\":[{\"@type\":\"SearchAction\",\"target\":{\"@type\":\"EntryPoint\",\"urlTemplate\":\"https:\\\/\\\/www.jffabrics.com\\\/fr\\\/?s={search_term_string}\"},\"query-input\":{\"@type\":\"PropertyValueSpecification\",\"valueRequired\":true,\"valueName\":\"search_term_string\"}}],\"inLanguage\":\"fr-FR\"},{\"@type\":\"Organization\",\"@id\":\"https:\\\/\\\/www.jffabrics.com\\\/fr\\\/#organization\",\"name\":\"JF Fabrics\",\"url\":\"https:\\\/\\\/www.jffabrics.com\\\/fr\\\/\",\"logo\":{\"@type\":\"ImageObject\",\"inLanguage\":\"fr-FR\",\"@id\":\"https:\\\/\\\/www.jffabrics.com\\\/fr\\\/#\\\/schema\\\/logo\\\/image\\\/\",\"url\":\"https:\\\/\\\/www.jffabrics.com\\\/wp-content\\\/uploads\\\/2018\\\/07\\\/jf-logo-black.svg\",\"contentUrl\":\"https:\\\/\\\/www.jffabrics.com\\\/wp-content\\\/uploads\\\/2018\\\/07\\\/jf-logo-black.svg\",\"caption\":\"JF Fabrics\"},\"image\":{\"@id\":\"https:\\\/\\\/www.jffabrics.com\\\/fr\\\/#\\\/schema\\\/logo\\\/image\\\/\"}}]}<\/script>\n<!-- \/ Yoast SEO plugin. -->","yoast_head_json":{"title":"Confidentialit\u00e9 - JF Fabrics","robots":{"index":"index","follow":"follow","max-snippet":"max-snippet:-1","max-image-preview":"max-image-preview:large","max-video-preview":"max-video-preview:-1"},"canonical":"https:\/\/www.jffabrics.com\/fr\/confidentialite\/","og_locale":"fr_FR","og_type":"article","og_title":"Confidentialit\u00e9 - JF Fabrics","og_description":"Confidentialit\u00e9 ENTENTE SUR LES CONDITIONS D&rsquo;UTILISATION JOANNE FABRICS INC.\/JF FABRICS INC. Droits d\u2019auteur, marques de commerce et restrictions Tout le... En lire plus","og_url":"https:\/\/www.jffabrics.com\/fr\/confidentialite\/","og_site_name":"JF Fabrics","article_modified_time":"2019-02-22T20:57:42+00:00","twitter_card":"summary_large_image","twitter_misc":{"Dur\u00e9e de lecture estim\u00e9e":"2 minutes"},"schema":{"@context":"https:\/\/schema.org","@graph":[{"@type":"WebPage","@id":"https:\/\/www.jffabrics.com\/fr\/confidentialite\/","url":"https:\/\/www.jffabrics.com\/fr\/confidentialite\/","name":"Confidentialit\u00e9 - JF Fabrics","isPartOf":{"@id":"https:\/\/www.jffabrics.com\/fr\/#website"},"datePublished":"2018-06-07T20:38:21+00:00","dateModified":"2019-02-22T20:57:42+00:00","breadcrumb":{"@id":"https:\/\/www.jffabrics.com\/fr\/confidentialite\/#breadcrumb"},"inLanguage":"fr-FR","potentialAction":[{"@type":"ReadAction","target":["https:\/\/www.jffabrics.com\/fr\/confidentialite\/"]}]},{"@type":"BreadcrumbList","@id":"https:\/\/www.jffabrics.com\/fr\/confidentialite\/#breadcrumb","itemListElement":[{"@type":"ListItem","position":1,"name":"Home","item":"https:\/\/www.jffabrics.com\/fr\/"},{"@type":"ListItem","position":2,"name":"Confidentialit\u00e9"}]},{"@type":"WebSite","@id":"https:\/\/www.jffabrics.com\/fr\/#website","url":"https:\/\/www.jffabrics.com\/fr\/","name":"JF Fabrics","description":"Cr\u00e9ativit\u00e9 sur demande","publisher":{"@id":"https:\/\/www.jffabrics.com\/fr\/#organization"},"potentialAction":[{"@type":"SearchAction","target":{"@type":"EntryPoint","urlTemplate":"https:\/\/www.jffabrics.com\/fr\/?s={search_term_string}"},"query-input":{"@type":"PropertyValueSpecification","valueRequired":true,"valueName":"search_term_string"}}],"inLanguage":"fr-FR"},{"@type":"Organization","@id":"https:\/\/www.jffabrics.com\/fr\/#organization","name":"JF Fabrics","url":"https:\/\/www.jffabrics.com\/fr\/","logo":{"@type":"ImageObject","inLanguage":"fr-FR","@id":"https:\/\/www.jffabrics.com\/fr\/#\/schema\/logo\/image\/","url":"https:\/\/www.jffabrics.com\/wp-content\/uploads\/2018\/07\/jf-logo-black.svg","contentUrl":"https:\/\/www.jffabrics.com\/wp-content\/uploads\/2018\/07\/jf-logo-black.svg","caption":"JF Fabrics"},"image":{"@id":"https:\/\/www.jffabrics.com\/fr\/#\/schema\/logo\/image\/"}}]}},"_links":{"self":[{"href":"https:\/\/www.jffabrics.com\/fr\/wp-json\/wp\/v2\/pages\/64655","targetHints":{"allow":["GET"]}}],"collection":[{"href":"https:\/\/www.jffabrics.com\/fr\/wp-json\/wp\/v2\/pages"}],"about":[{"href":"https:\/\/www.jffabrics.com\/fr\/wp-json\/wp\/v2\/types\/page"}],"author":[{"embeddable":true,"href":"https:\/\/www.jffabrics.com\/fr\/wp-json\/wp\/v2\/users\/2"}],"replies":[{"embeddable":true,"href":"https:\/\/www.jffabrics.com\/fr\/wp-json\/wp\/v2\/comments?post=64655"}],"version-history":[{"count":0,"href":"https:\/\/www.jffabrics.com\/fr\/wp-json\/wp\/v2\/pages\/64655\/revisions"}],"wp:attachment":[{"href":"https:\/\/www.jffabrics.com\/fr\/wp-json\/wp\/v2\/media?parent=64655"}],"curies":[{"name":"wp","href":"https:\/\/api.w.org\/{rel}","templated":true}]}}