{"id":64647,"date":"2018-08-14T19:33:09","date_gmt":"2018-08-14T19:33:09","guid":{"rendered":"https:\/\/jfstaging.wpengine.com\/jf-performance\/"},"modified":"2023-10-24T20:21:57","modified_gmt":"2023-10-24T20:21:57","slug":"jf-performance","status":"publish","type":"page","link":"https:\/\/www.jffabrics.com\/fr\/jf-performance\/","title":{"rendered":"JF Performance"},"content":{"rendered":"\t\t<div data-elementor-type=\"wp-post\" data-elementor-id=\"64647\" class=\"elementor elementor-64647 elementor-558\" data-elementor-post-type=\"page\">\n\t\t\t\t\t\t<section class=\"elementor-section elementor-top-section elementor-element elementor-element-7ace53ee elementor-section-boxed elementor-section-height-default elementor-section-height-default\" data-id=\"7ace53ee\" data-element_type=\"section\" data-e-type=\"section\">\n\t\t\t\t\t\t<div class=\"elementor-container elementor-column-gap-default\">\n\t\t\t\t\t<div class=\"elementor-column elementor-col-50 elementor-top-column elementor-element elementor-element-1c1dacb two-hero-col elementor-invisible\" data-id=\"1c1dacb\" data-element_type=\"column\" data-e-type=\"column\" data-settings=\"{&quot;animation&quot;:&quot;fadeIn&quot;}\">\n\t\t\t<div class=\"elementor-widget-wrap elementor-element-populated\">\n\t\t\t\t\t\t<div class=\"elementor-element elementor-element-24dad91f hero-border jf-performance elementor-widget elementor-widget-image\" data-id=\"24dad91f\" data-element_type=\"widget\" data-e-type=\"widget\" data-widget_type=\"image.default\">\n\t\t\t\t<div class=\"elementor-widget-container\">\n\t\t\t\t\t\t\t\t\t\t\t\t\t\t\t<img fetchpriority=\"high\" decoding=\"async\" width=\"2000\" height=\"2000\" src=\"https:\/\/www.jffabrics.com\/wp-content\/uploads\/2023\/10\/JF-Performance-web-banner-2000x2000.jpg\" class=\"attachment-full size-full wp-image-126771\" alt=\"\" srcset=\"https:\/\/www.jffabrics.com\/wp-content\/uploads\/2023\/10\/JF-Performance-web-banner-2000x2000.jpg 2000w, https:\/\/www.jffabrics.com\/wp-content\/uploads\/2023\/10\/JF-Performance-web-banner-300x300.jpg 300w, https:\/\/www.jffabrics.com\/wp-content\/uploads\/2023\/10\/JF-Performance-web-banner-1024x1024.jpg 1024w, https:\/\/www.jffabrics.com\/wp-content\/uploads\/2023\/10\/JF-Performance-web-banner-150x150.jpg 150w, https:\/\/www.jffabrics.com\/wp-content\/uploads\/2023\/10\/JF-Performance-web-banner-768x768.jpg 768w, https:\/\/www.jffabrics.com\/wp-content\/uploads\/2023\/10\/JF-Performance-web-banner-1536x1536.jpg 1536w, https:\/\/www.jffabrics.com\/wp-content\/uploads\/2023\/10\/JF-Performance-web-banner-2048x2048.jpg 2048w, https:\/\/www.jffabrics.com\/wp-content\/uploads\/2023\/10\/JF-Performance-web-banner-250x250.jpg 250w, https:\/\/www.jffabrics.com\/wp-content\/uploads\/2023\/10\/JF-Performance-web-banner-350x350.jpg 350w, https:\/\/www.jffabrics.com\/wp-content\/uploads\/2023\/10\/JF-Performance-web-banner-200x200.jpg 200w, https:\/\/www.jffabrics.com\/wp-content\/uploads\/2023\/10\/JF-Performance-web-banner-400x400.jpg 400w, https:\/\/www.jffabrics.com\/wp-content\/uploads\/2023\/10\/JF-Performance-web-banner-850x850.jpg 850w, https:\/\/www.jffabrics.com\/wp-content\/uploads\/2023\/10\/JF-Performance-web-banner-650x650.jpg 650w, https:\/\/www.jffabrics.com\/wp-content\/uploads\/2023\/10\/JF-Performance-web-banner-60x60.jpg 60w, https:\/\/www.jffabrics.com\/wp-content\/uploads\/2023\/10\/JF-Performance-web-banner.jpg 2425w\" sizes=\"(max-width: 2000px) 100vw, 2000px\" \/>\t\t\t\t\t\t\t\t\t\t\t\t\t\t\t<\/div>\n\t\t\t\t<\/div>\n\t\t\t\t\t<\/div>\n\t\t<\/div>\n\t\t\t\t<div class=\"elementor-column elementor-col-50 elementor-top-column elementor-element elementor-element-7a99e479 two-hero-col elementor-invisible\" data-id=\"7a99e479\" data-element_type=\"column\" data-e-type=\"column\" data-settings=\"{&quot;animation&quot;:&quot;fadeIn&quot;,&quot;animation_delay&quot;:300}\">\n\t\t\t<div class=\"elementor-widget-wrap elementor-element-populated\">\n\t\t\t\t\t\t<div class=\"elementor-element elementor-element-bf53a2a hero-border jf-performance elementor-widget elementor-widget-image\" data-id=\"bf53a2a\" data-element_type=\"widget\" data-e-type=\"widget\" data-widget_type=\"image.default\">\n\t\t\t\t<div class=\"elementor-widget-container\">\n\t\t\t\t\t\t\t\t\t\t\t\t\t\t\t\t<a href=\"https:\/\/www.jffabrics.com\/fr\/book-number\/j9301-fr\/\">\n\t\t\t\t\t\t\t<img decoding=\"async\" width=\"2000\" height=\"2000\" src=\"https:\/\/www.jffabrics.com\/wp-content\/uploads\/2023\/09\/PACIFIC_26J9301-02.jpg\" class=\"attachment-full size-full wp-image-125699\" alt=\"\" srcset=\"https:\/\/www.jffabrics.com\/wp-content\/uploads\/2023\/09\/PACIFIC_26J9301-02.jpg 2000w, https:\/\/www.jffabrics.com\/wp-content\/uploads\/2023\/09\/PACIFIC_26J9301-02-300x300.jpg 300w, https:\/\/www.jffabrics.com\/wp-content\/uploads\/2023\/09\/PACIFIC_26J9301-02-1024x1024.jpg 1024w, https:\/\/www.jffabrics.com\/wp-content\/uploads\/2023\/09\/PACIFIC_26J9301-02-150x150.jpg 150w, https:\/\/www.jffabrics.com\/wp-content\/uploads\/2023\/09\/PACIFIC_26J9301-02-768x768.jpg 768w, https:\/\/www.jffabrics.com\/wp-content\/uploads\/2023\/09\/PACIFIC_26J9301-02-1536x1536.jpg 1536w, https:\/\/www.jffabrics.com\/wp-content\/uploads\/2023\/09\/PACIFIC_26J9301-02-250x250.jpg 250w, https:\/\/www.jffabrics.com\/wp-content\/uploads\/2023\/09\/PACIFIC_26J9301-02-350x350.jpg 350w, https:\/\/www.jffabrics.com\/wp-content\/uploads\/2023\/09\/PACIFIC_26J9301-02-200x200.jpg 200w, https:\/\/www.jffabrics.com\/wp-content\/uploads\/2023\/09\/PACIFIC_26J9301-02-400x400.jpg 400w, https:\/\/www.jffabrics.com\/wp-content\/uploads\/2023\/09\/PACIFIC_26J9301-02-850x850.jpg 850w, https:\/\/www.jffabrics.com\/wp-content\/uploads\/2023\/09\/PACIFIC_26J9301-02-650x650.jpg 650w, https:\/\/www.jffabrics.com\/wp-content\/uploads\/2023\/09\/PACIFIC_26J9301-02-60x60.jpg 60w\" sizes=\"(max-width: 2000px) 100vw, 2000px\" \/>\t\t\t\t\t\t\t\t<\/a>\n\t\t\t\t\t\t\t\t\t\t\t\t\t\t\t<\/div>\n\t\t\t\t<\/div>\n\t\t\t\t\t<\/div>\n\t\t<\/div>\n\t\t\t\t\t<\/div>\n\t\t<\/section>\n\t\t\t\t<section class=\"elementor-section elementor-top-section elementor-element elementor-element-6669db38 title-subbrand aos-type-fade aos-once-true elementor-section-boxed elementor-section-height-default elementor-section-height-default\" data-id=\"6669db38\" data-element_type=\"section\" data-e-type=\"section\">\n\t\t\t\t\t\t<div class=\"elementor-container elementor-column-gap-default\">\n\t\t\t\t\t<div class=\"elementor-column elementor-col-100 elementor-top-column elementor-element elementor-element-2dbc56f1\" data-id=\"2dbc56f1\" data-element_type=\"column\" data-e-type=\"column\">\n\t\t\t<div class=\"elementor-widget-wrap elementor-element-populated\">\n\t\t\t\t\t\t<div class=\"elementor-element elementor-element-3be4e801 logo-subbrand elementor-widget elementor-widget-image\" data-id=\"3be4e801\" data-element_type=\"widget\" data-e-type=\"widget\" data-widget_type=\"image.default\">\n\t\t\t\t<div class=\"elementor-widget-container\">\n\t\t\t\t\t\t\t\t\t\t\t\t\t\t\t<img decoding=\"async\" src=\"https:\/\/www.jffabrics.com\/wp-content\/uploads\/2022\/04\/logo-JF-performance.svg\" title=\"logo-JF-performance.svg\" alt=\"logo-JF-performance.svg\" loading=\"lazy\" \/>\t\t\t\t\t\t\t\t\t\t\t\t\t\t\t<\/div>\n\t\t\t\t<\/div>\n\t\t\t\t\t<\/div>\n\t\t<\/div>\n\t\t\t\t\t<\/div>\n\t\t<\/section>\n\t\t\t\t<section class=\"elementor-section elementor-top-section elementor-element elementor-element-6c044a97 sec-subbrand elementor-section-boxed elementor-section-height-default elementor-section-height-default\" data-id=\"6c044a97\" data-element_type=\"section\" data-e-type=\"section\">\n\t\t\t\t\t\t<div class=\"elementor-container elementor-column-gap-default\">\n\t\t\t\t\t<div class=\"elementor-column elementor-col-50 elementor-top-column elementor-element elementor-element-778b699a aos-type-fade aos-once-true elementor-invisible\" data-id=\"778b699a\" data-element_type=\"column\" data-e-type=\"column\" data-settings=\"{&quot;animation&quot;:&quot;fadeIn&quot;}\">\n\t\t\t<div class=\"elementor-widget-wrap elementor-element-populated\">\n\t\t\t\t\t\t<div class=\"elementor-element elementor-element-266ca4b8 elementor-widget elementor-widget-text-editor\" data-id=\"266ca4b8\" data-element_type=\"widget\" data-e-type=\"widget\" data-widget_type=\"text-editor.default\">\n\t\t\t\t<div class=\"elementor-widget-container\">\n\t\t\t\t\t\t\t\t\t<h3>Un luxe habitable<\/h3>\r\n<p class=\"intro\">Les tissus JF Performance offrent plus que l\u2019apparence et la sensation de nos tissus ordinaires. Ces mat\u00e9riaux am\u00e9lior\u00e9s r\u00e9sistent \u00e0 la plupart des taches, rendant le nettoyage de celles-ci rapide et facile. Les tissus Performance sont parfaits comme tissus d\u2019ameublement, et certains choix sont suffisamment l\u00e9gers pour \u00eatre utilis\u00e9s en draperie. JF Performance propose une des plus larges s\u00e9lections de tissus haute performance disponibles sur le march\u00e9. En plus d\u2019\u00eatre facilement lavables, de nombreux tissus JF Performance proposent aussi une r\u00e9sistance \u00e9lev\u00e9e aux UV, \u00e0 l\u2019abrasion, et au boulochage.<\/p>\r\n\r\n<p>Bien que les tissus Performance se nettoient plus facilement que les tissus ordinaires, ils ne sont pas indestructibles. Il faut toujours bien prendre en compte les caract\u00e9ristiques du tissu, telles que le taux d\u2019abrasion, le boulochage et le glissement des coutures, afin de choisir le meilleur tissu pour votre projet.<\/p>\t\t\t\t\t\t\t\t<\/div>\n\t\t\t\t<\/div>\n\t\t\t\t\t<\/div>\n\t\t<\/div>\n\t\t\t\t<div class=\"elementor-column elementor-col-50 elementor-top-column elementor-element elementor-element-2741742c button-lines-subbrand aos-type-fade-left  data-aos-delay-250  aos-duration-500 aos-easing-ease-out aos-once-true elementor-invisible\" data-id=\"2741742c\" data-element_type=\"column\" data-e-type=\"column\" data-settings=\"{&quot;animation&quot;:&quot;fadeIn&quot;,&quot;animation_delay&quot;:250}\">\n\t\t\t<div class=\"elementor-widget-wrap elementor-element-populated\">\n\t\t\t\t\t\t<div class=\"elementor-element elementor-element-21fe8c18 button-lines-sub jf-performance elementor-widget elementor-widget-text-editor\" data-id=\"21fe8c18\" data-element_type=\"widget\" data-e-type=\"widget\" data-widget_type=\"text-editor.default\">\n\t\t\t\t<div class=\"elementor-widget-container\">\n\t\t\t\t\t\t\t\t\t<a href=\"https:\/\/www.jffabrics.com\/fr\/jf-digital\/jf-performance\/\">Visitez la\r\n<span style=\"font-weight: 400; text-transform: uppercase;\">JF Performance<\/span> Digital Library<\/a>\t\t\t\t\t\t\t\t<\/div>\n\t\t\t\t<\/div>\n\t\t\t\t\t<\/div>\n\t\t<\/div>\n\t\t\t\t\t<\/div>\n\t\t<\/section>\n\t\t\t\t<\/div>\n\t\t","protected":false},"excerpt":{"rendered":"<p>Un luxe habitable Les tissus JF Performance offrent plus que l\u2019apparence et la sensation de nos tissus ordinaires. Ces mat\u00e9riaux&#8230; <a class=\"excerpt-read-more\" href=\"https:\/\/www.jffabrics.com\/fr\/jf-performance\/\" title=\"LuJF Performance\">En lire plus<\/a><\/p>\n","protected":false},"author":2,"featured_media":730,"parent":0,"menu_order":0,"comment_status":"closed","ping_status":"closed","template":"template-jf-performance.php","meta":{"_acf_changed":false,"footnotes":""},"class_list":["post-64647","page","type-page","status-publish","has-post-thumbnail","hentry"],"acf":[],"yoast_head":"<!-- This site is optimized with the Yoast SEO plugin v27.3 - https:\/\/yoast.com\/product\/yoast-seo-wordpress\/ -->\n<title>JF Performance - JF Fabrics<\/title>\n<meta name=\"robots\" content=\"index, follow, max-snippet:-1, max-image-preview:large, max-video-preview:-1\" \/>\n<link rel=\"canonical\" href=\"https:\/\/www.jffabrics.com\/fr\/jf-performance\/\" \/>\n<meta property=\"og:locale\" content=\"fr_FR\" \/>\n<meta property=\"og:type\" content=\"article\" \/>\n<meta property=\"og:title\" content=\"JF Performance - JF Fabrics\" \/>\n<meta property=\"og:description\" content=\"Un luxe habitable Les tissus JF Performance offrent plus que l\u2019apparence et la sensation de nos tissus ordinaires. Ces mat\u00e9riaux... En lire plus\" \/>\n<meta property=\"og:url\" content=\"https:\/\/www.jffabrics.com\/fr\/jf-performance\/\" \/>\n<meta property=\"og:site_name\" content=\"JF Fabrics\" \/>\n<meta property=\"article:modified_time\" content=\"2023-10-24T20:21:57+00:00\" \/>\n<meta property=\"og:image\" content=\"https:\/\/www.jffabrics.com\/wp-content\/uploads\/2018\/08\/hero-pinkroom.jpg\" \/>\n\t<meta property=\"og:image:width\" content=\"612\" \/>\n\t<meta property=\"og:image:height\" content=\"612\" \/>\n\t<meta property=\"og:image:type\" content=\"image\/jpeg\" \/>\n<meta name=\"twitter:card\" content=\"summary_large_image\" \/>\n<meta name=\"twitter:label1\" content=\"Dur\u00e9e de lecture estim\u00e9e\" \/>\n\t<meta name=\"twitter:data1\" content=\"2 minutes\" \/>\n<script type=\"application\/ld+json\" class=\"yoast-schema-graph\">{\"@context\":\"https:\\\/\\\/schema.org\",\"@graph\":[{\"@type\":\"WebPage\",\"@id\":\"https:\\\/\\\/www.jffabrics.com\\\/fr\\\/jf-performance\\\/\",\"url\":\"https:\\\/\\\/www.jffabrics.com\\\/fr\\\/jf-performance\\\/\",\"name\":\"JF Performance - JF Fabrics\",\"isPartOf\":{\"@id\":\"https:\\\/\\\/www.jffabrics.com\\\/fr\\\/#website\"},\"primaryImageOfPage\":{\"@id\":\"https:\\\/\\\/www.jffabrics.com\\\/fr\\\/jf-performance\\\/#primaryimage\"},\"image\":{\"@id\":\"https:\\\/\\\/www.jffabrics.com\\\/fr\\\/jf-performance\\\/#primaryimage\"},\"thumbnailUrl\":\"https:\\\/\\\/www.jffabrics.com\\\/wp-content\\\/uploads\\\/2018\\\/08\\\/hero-pinkroom.jpg\",\"datePublished\":\"2018-08-14T19:33:09+00:00\",\"dateModified\":\"2023-10-24T20:21:57+00:00\",\"breadcrumb\":{\"@id\":\"https:\\\/\\\/www.jffabrics.com\\\/fr\\\/jf-performance\\\/#breadcrumb\"},\"inLanguage\":\"fr-FR\",\"potentialAction\":[{\"@type\":\"ReadAction\",\"target\":[\"https:\\\/\\\/www.jffabrics.com\\\/fr\\\/jf-performance\\\/\"]}]},{\"@type\":\"ImageObject\",\"inLanguage\":\"fr-FR\",\"@id\":\"https:\\\/\\\/www.jffabrics.com\\\/fr\\\/jf-performance\\\/#primaryimage\",\"url\":\"https:\\\/\\\/www.jffabrics.com\\\/wp-content\\\/uploads\\\/2018\\\/08\\\/hero-pinkroom.jpg\",\"contentUrl\":\"https:\\\/\\\/www.jffabrics.com\\\/wp-content\\\/uploads\\\/2018\\\/08\\\/hero-pinkroom.jpg\",\"width\":612,\"height\":612},{\"@type\":\"BreadcrumbList\",\"@id\":\"https:\\\/\\\/www.jffabrics.com\\\/fr\\\/jf-performance\\\/#breadcrumb\",\"itemListElement\":[{\"@type\":\"ListItem\",\"position\":1,\"name\":\"Home\",\"item\":\"https:\\\/\\\/www.jffabrics.com\\\/fr\\\/\"},{\"@type\":\"ListItem\",\"position\":2,\"name\":\"JF Performance\"}]},{\"@type\":\"WebSite\",\"@id\":\"https:\\\/\\\/www.jffabrics.com\\\/fr\\\/#website\",\"url\":\"https:\\\/\\\/www.jffabrics.com\\\/fr\\\/\",\"name\":\"JF Fabrics\",\"description\":\"Cr\u00e9ativit\u00e9 sur demande\",\"publisher\":{\"@id\":\"https:\\\/\\\/www.jffabrics.com\\\/fr\\\/#organization\"},\"potentialAction\":[{\"@type\":\"SearchAction\",\"target\":{\"@type\":\"EntryPoint\",\"urlTemplate\":\"https:\\\/\\\/www.jffabrics.com\\\/fr\\\/?s={search_term_string}\"},\"query-input\":{\"@type\":\"PropertyValueSpecification\",\"valueRequired\":true,\"valueName\":\"search_term_string\"}}],\"inLanguage\":\"fr-FR\"},{\"@type\":\"Organization\",\"@id\":\"https:\\\/\\\/www.jffabrics.com\\\/fr\\\/#organization\",\"name\":\"JF Fabrics\",\"url\":\"https:\\\/\\\/www.jffabrics.com\\\/fr\\\/\",\"logo\":{\"@type\":\"ImageObject\",\"inLanguage\":\"fr-FR\",\"@id\":\"https:\\\/\\\/www.jffabrics.com\\\/fr\\\/#\\\/schema\\\/logo\\\/image\\\/\",\"url\":\"https:\\\/\\\/www.jffabrics.com\\\/wp-content\\\/uploads\\\/2018\\\/07\\\/jf-logo-black.svg\",\"contentUrl\":\"https:\\\/\\\/www.jffabrics.com\\\/wp-content\\\/uploads\\\/2018\\\/07\\\/jf-logo-black.svg\",\"caption\":\"JF Fabrics\"},\"image\":{\"@id\":\"https:\\\/\\\/www.jffabrics.com\\\/fr\\\/#\\\/schema\\\/logo\\\/image\\\/\"}}]}<\/script>\n<!-- \/ Yoast SEO plugin. -->","yoast_head_json":{"title":"JF Performance - JF Fabrics","robots":{"index":"index","follow":"follow","max-snippet":"max-snippet:-1","max-image-preview":"max-image-preview:large","max-video-preview":"max-video-preview:-1"},"canonical":"https:\/\/www.jffabrics.com\/fr\/jf-performance\/","og_locale":"fr_FR","og_type":"article","og_title":"JF Performance - JF Fabrics","og_description":"Un luxe habitable Les tissus JF Performance offrent plus que l\u2019apparence et la sensation de nos tissus ordinaires. Ces mat\u00e9riaux... En lire plus","og_url":"https:\/\/www.jffabrics.com\/fr\/jf-performance\/","og_site_name":"JF Fabrics","article_modified_time":"2023-10-24T20:21:57+00:00","og_image":[{"width":612,"height":612,"url":"https:\/\/www.jffabrics.com\/wp-content\/uploads\/2018\/08\/hero-pinkroom.jpg","type":"image\/jpeg"}],"twitter_card":"summary_large_image","twitter_misc":{"Dur\u00e9e de lecture estim\u00e9e":"2 minutes"},"schema":{"@context":"https:\/\/schema.org","@graph":[{"@type":"WebPage","@id":"https:\/\/www.jffabrics.com\/fr\/jf-performance\/","url":"https:\/\/www.jffabrics.com\/fr\/jf-performance\/","name":"JF Performance - JF Fabrics","isPartOf":{"@id":"https:\/\/www.jffabrics.com\/fr\/#website"},"primaryImageOfPage":{"@id":"https:\/\/www.jffabrics.com\/fr\/jf-performance\/#primaryimage"},"image":{"@id":"https:\/\/www.jffabrics.com\/fr\/jf-performance\/#primaryimage"},"thumbnailUrl":"https:\/\/www.jffabrics.com\/wp-content\/uploads\/2018\/08\/hero-pinkroom.jpg","datePublished":"2018-08-14T19:33:09+00:00","dateModified":"2023-10-24T20:21:57+00:00","breadcrumb":{"@id":"https:\/\/www.jffabrics.com\/fr\/jf-performance\/#breadcrumb"},"inLanguage":"fr-FR","potentialAction":[{"@type":"ReadAction","target":["https:\/\/www.jffabrics.com\/fr\/jf-performance\/"]}]},{"@type":"ImageObject","inLanguage":"fr-FR","@id":"https:\/\/www.jffabrics.com\/fr\/jf-performance\/#primaryimage","url":"https:\/\/www.jffabrics.com\/wp-content\/uploads\/2018\/08\/hero-pinkroom.jpg","contentUrl":"https:\/\/www.jffabrics.com\/wp-content\/uploads\/2018\/08\/hero-pinkroom.jpg","width":612,"height":612},{"@type":"BreadcrumbList","@id":"https:\/\/www.jffabrics.com\/fr\/jf-performance\/#breadcrumb","itemListElement":[{"@type":"ListItem","position":1,"name":"Home","item":"https:\/\/www.jffabrics.com\/fr\/"},{"@type":"ListItem","position":2,"name":"JF Performance"}]},{"@type":"WebSite","@id":"https:\/\/www.jffabrics.com\/fr\/#website","url":"https:\/\/www.jffabrics.com\/fr\/","name":"JF Fabrics","description":"Cr\u00e9ativit\u00e9 sur demande","publisher":{"@id":"https:\/\/www.jffabrics.com\/fr\/#organization"},"potentialAction":[{"@type":"SearchAction","target":{"@type":"EntryPoint","urlTemplate":"https:\/\/www.jffabrics.com\/fr\/?s={search_term_string}"},"query-input":{"@type":"PropertyValueSpecification","valueRequired":true,"valueName":"search_term_string"}}],"inLanguage":"fr-FR"},{"@type":"Organization","@id":"https:\/\/www.jffabrics.com\/fr\/#organization","name":"JF Fabrics","url":"https:\/\/www.jffabrics.com\/fr\/","logo":{"@type":"ImageObject","inLanguage":"fr-FR","@id":"https:\/\/www.jffabrics.com\/fr\/#\/schema\/logo\/image\/","url":"https:\/\/www.jffabrics.com\/wp-content\/uploads\/2018\/07\/jf-logo-black.svg","contentUrl":"https:\/\/www.jffabrics.com\/wp-content\/uploads\/2018\/07\/jf-logo-black.svg","caption":"JF Fabrics"},"image":{"@id":"https:\/\/www.jffabrics.com\/fr\/#\/schema\/logo\/image\/"}}]}},"_links":{"self":[{"href":"https:\/\/www.jffabrics.com\/fr\/wp-json\/wp\/v2\/pages\/64647","targetHints":{"allow":["GET"]}}],"collection":[{"href":"https:\/\/www.jffabrics.com\/fr\/wp-json\/wp\/v2\/pages"}],"about":[{"href":"https:\/\/www.jffabrics.com\/fr\/wp-json\/wp\/v2\/types\/page"}],"author":[{"embeddable":true,"href":"https:\/\/www.jffabrics.com\/fr\/wp-json\/wp\/v2\/users\/2"}],"replies":[{"embeddable":true,"href":"https:\/\/www.jffabrics.com\/fr\/wp-json\/wp\/v2\/comments?post=64647"}],"version-history":[{"count":0,"href":"https:\/\/www.jffabrics.com\/fr\/wp-json\/wp\/v2\/pages\/64647\/revisions"}],"wp:featuredmedia":[{"embeddable":true,"href":"https:\/\/www.jffabrics.com\/fr\/wp-json\/wp\/v2\/media\/730"}],"wp:attachment":[{"href":"https:\/\/www.jffabrics.com\/fr\/wp-json\/wp\/v2\/media?parent=64647"}],"curies":[{"name":"wp","href":"https:\/\/api.w.org\/{rel}","templated":true}]}}