{"id":64642,"date":"2018-08-07T16:33:45","date_gmt":"2018-08-07T16:33:45","guid":{"rendered":"https:\/\/jfstaging.wpengine.com\/marques\/"},"modified":"2023-06-24T02:32:07","modified_gmt":"2023-06-24T02:32:07","slug":"marques","status":"publish","type":"page","link":"https:\/\/www.jffabrics.com\/fr\/marques\/","title":{"rendered":"Marques"},"content":{"rendered":"\t\t<div data-elementor-type=\"wp-post\" data-elementor-id=\"64642\" class=\"elementor elementor-64642 elementor-352\" data-elementor-post-type=\"page\">\n\t\t\t\t\t\t<section class=\"elementor-section elementor-top-section elementor-element elementor-element-4ffd7564 hero-spacing elementor-section-boxed elementor-section-height-default elementor-section-height-default\" data-id=\"4ffd7564\" data-element_type=\"section\" data-e-type=\"section\">\n\t\t\t\t\t\t<div class=\"elementor-container elementor-column-gap-default\">\n\t\t\t\t\t<div class=\"elementor-column elementor-col-50 elementor-top-column elementor-element elementor-element-7fc71f91 two-hero-col elementor-invisible\" data-id=\"7fc71f91\" data-element_type=\"column\" data-e-type=\"column\" data-settings=\"{&quot;animation&quot;:&quot;fadeIn&quot;}\">\n\t\t\t<div class=\"elementor-widget-wrap elementor-element-populated\">\n\t\t\t\t\t\t<div class=\"elementor-element elementor-element-1756dc9d hero-border elementor-widget elementor-widget-image\" data-id=\"1756dc9d\" data-element_type=\"widget\" data-e-type=\"widget\" data-widget_type=\"image.default\">\n\t\t\t\t<div class=\"elementor-widget-container\">\n\t\t\t\t\t\t\t\t\t\t\t\t\t\t\t<img fetchpriority=\"high\" decoding=\"async\" width=\"2000\" height=\"2000\" src=\"https:\/\/www.jffabrics.com\/wp-content\/uploads\/2023\/06\/DRIFTWOOD_BENCH3-1.jpg\" class=\"attachment-full size-full wp-image-123517\" alt=\"\" srcset=\"https:\/\/www.jffabrics.com\/wp-content\/uploads\/2023\/06\/DRIFTWOOD_BENCH3-1.jpg 2000w, https:\/\/www.jffabrics.com\/wp-content\/uploads\/2023\/06\/DRIFTWOOD_BENCH3-1-300x300.jpg 300w, https:\/\/www.jffabrics.com\/wp-content\/uploads\/2023\/06\/DRIFTWOOD_BENCH3-1-1024x1024.jpg 1024w, https:\/\/www.jffabrics.com\/wp-content\/uploads\/2023\/06\/DRIFTWOOD_BENCH3-1-150x150.jpg 150w, https:\/\/www.jffabrics.com\/wp-content\/uploads\/2023\/06\/DRIFTWOOD_BENCH3-1-768x768.jpg 768w, https:\/\/www.jffabrics.com\/wp-content\/uploads\/2023\/06\/DRIFTWOOD_BENCH3-1-1536x1536.jpg 1536w, https:\/\/www.jffabrics.com\/wp-content\/uploads\/2023\/06\/DRIFTWOOD_BENCH3-1-250x250.jpg 250w, https:\/\/www.jffabrics.com\/wp-content\/uploads\/2023\/06\/DRIFTWOOD_BENCH3-1-350x350.jpg 350w, https:\/\/www.jffabrics.com\/wp-content\/uploads\/2023\/06\/DRIFTWOOD_BENCH3-1-200x200.jpg 200w, https:\/\/www.jffabrics.com\/wp-content\/uploads\/2023\/06\/DRIFTWOOD_BENCH3-1-400x400.jpg 400w, https:\/\/www.jffabrics.com\/wp-content\/uploads\/2023\/06\/DRIFTWOOD_BENCH3-1-850x850.jpg 850w, https:\/\/www.jffabrics.com\/wp-content\/uploads\/2023\/06\/DRIFTWOOD_BENCH3-1-650x650.jpg 650w, https:\/\/www.jffabrics.com\/wp-content\/uploads\/2023\/06\/DRIFTWOOD_BENCH3-1-60x60.jpg 60w\" sizes=\"(max-width: 2000px) 100vw, 2000px\" \/>\t\t\t\t\t\t\t\t\t\t\t\t\t\t\t<\/div>\n\t\t\t\t<\/div>\n\t\t\t\t\t<\/div>\n\t\t<\/div>\n\t\t\t\t<div class=\"elementor-column elementor-col-50 elementor-top-column elementor-element elementor-element-2ecc15bf two-hero-col elementor-invisible\" data-id=\"2ecc15bf\" data-element_type=\"column\" data-e-type=\"column\" data-settings=\"{&quot;animation&quot;:&quot;fadeIn&quot;,&quot;animation_delay&quot;:300}\">\n\t\t\t<div class=\"elementor-widget-wrap elementor-element-populated\">\n\t\t\t\t\t\t<div class=\"elementor-element elementor-element-34442b5d hero-border elementor-widget elementor-widget-image\" data-id=\"34442b5d\" data-element_type=\"widget\" data-e-type=\"widget\" data-widget_type=\"image.default\">\n\t\t\t\t<div class=\"elementor-widget-container\">\n\t\t\t\t\t\t\t\t\t\t\t\t\t\t\t<img decoding=\"async\" width=\"650\" height=\"650\" src=\"https:\/\/www.jffabrics.com\/wp-content\/uploads\/2019\/01\/JFFabricsFE_Brands_HeroImage_Right-resize.jpg\" class=\"attachment-full size-full wp-image-64620\" alt=\"Brands hero image - group of pillows\" srcset=\"https:\/\/www.jffabrics.com\/wp-content\/uploads\/2019\/01\/JFFabricsFE_Brands_HeroImage_Right-resize.jpg 650w, https:\/\/www.jffabrics.com\/wp-content\/uploads\/2019\/01\/JFFabricsFE_Brands_HeroImage_Right-resize-150x150.jpg 150w, https:\/\/www.jffabrics.com\/wp-content\/uploads\/2019\/01\/JFFabricsFE_Brands_HeroImage_Right-resize-300x300.jpg 300w, https:\/\/www.jffabrics.com\/wp-content\/uploads\/2019\/01\/JFFabricsFE_Brands_HeroImage_Right-resize-250x250.jpg 250w, https:\/\/www.jffabrics.com\/wp-content\/uploads\/2019\/01\/JFFabricsFE_Brands_HeroImage_Right-resize-350x350.jpg 350w, https:\/\/www.jffabrics.com\/wp-content\/uploads\/2019\/01\/JFFabricsFE_Brands_HeroImage_Right-resize-200x200.jpg 200w, https:\/\/www.jffabrics.com\/wp-content\/uploads\/2019\/01\/JFFabricsFE_Brands_HeroImage_Right-resize-400x400.jpg 400w, https:\/\/www.jffabrics.com\/wp-content\/uploads\/2019\/01\/JFFabricsFE_Brands_HeroImage_Right-resize-60x60.jpg 60w\" sizes=\"(max-width: 650px) 100vw, 650px\" \/>\t\t\t\t\t\t\t\t\t\t\t\t\t\t\t<\/div>\n\t\t\t\t<\/div>\n\t\t\t\t\t<\/div>\n\t\t<\/div>\n\t\t\t\t\t<\/div>\n\t\t<\/section>\n\t\t\t\t<section class=\"elementor-section elementor-top-section elementor-element elementor-element-492b956 elementor-section-boxed elementor-section-height-default elementor-section-height-default\" data-id=\"492b956\" data-element_type=\"section\" data-e-type=\"section\">\n\t\t\t\t\t\t<div class=\"elementor-container elementor-column-gap-default\">\n\t\t\t\t\t<div class=\"elementor-column elementor-col-100 elementor-top-column elementor-element elementor-element-659ea88 aos-type-fade aos-once-true\" data-id=\"659ea88\" data-element_type=\"column\" data-e-type=\"column\">\n\t\t\t<div class=\"elementor-widget-wrap elementor-element-populated\">\n\t\t\t\t\t\t<div class=\"elementor-element elementor-element-39e9c5e elementor-widget elementor-widget-text-editor\" data-id=\"39e9c5e\" data-element_type=\"widget\" data-e-type=\"widget\" data-widget_type=\"text-editor.default\">\n\t\t\t\t<div class=\"elementor-widget-container\">\n\t\t\t\t\t\t\t\t\t<h1 class=\"dot-wrap\">Marques partenaires<\/h1>\n\t\t\t\t\t\t\t\t<\/div>\n\t\t\t\t<\/div>\n\t\t\t\t\t<\/div>\n\t\t<\/div>\n\t\t\t\t\t<\/div>\n\t\t<\/section>\n\t\t\t\t<section class=\"elementor-section elementor-top-section elementor-element elementor-element-f107c42 elementor-section-boxed elementor-section-height-default elementor-section-height-default\" data-id=\"f107c42\" data-element_type=\"section\" data-e-type=\"section\">\n\t\t\t\t\t\t<div class=\"elementor-container elementor-column-gap-default\">\n\t\t\t\t\t<div class=\"elementor-column elementor-col-100 elementor-top-column elementor-element elementor-element-1d8f7f8 aos-type-fade aos-once-true\" data-id=\"1d8f7f8\" data-element_type=\"column\" data-e-type=\"column\">\n\t\t\t<div class=\"elementor-widget-wrap elementor-element-populated\">\n\t\t\t\t\t\t<div class=\"elementor-element elementor-element-a271352 elementor-widget elementor-widget-text-editor\" data-id=\"a271352\" data-element_type=\"widget\" data-e-type=\"widget\" data-widget_type=\"text-editor.default\">\n\t\t\t\t<div class=\"elementor-widget-container\">\n\t\t\t\t\t\t\t\t\t<p class=\"intro\">Trouvez exactement ce que vous cherchez gr\u00e2ce aux s\u00e9lections exclusives de nos marques partenaires Performance.<\/p>\n\t\t\t\t\t\t\t\t<\/div>\n\t\t\t\t<\/div>\n\t\t\t\t\t<\/div>\n\t\t<\/div>\n\t\t\t\t\t<\/div>\n\t\t<\/section>\n\t\t\t\t<section class=\"elementor-section elementor-top-section elementor-element elementor-element-62e90ae elementor-section-boxed elementor-section-height-default elementor-section-height-default\" data-id=\"62e90ae\" data-element_type=\"section\" data-e-type=\"section\">\n\t\t\t\t\t\t<div class=\"elementor-container elementor-column-gap-default\">\n\t\t\t\t\t<div class=\"elementor-column elementor-col-100 elementor-top-column elementor-element elementor-element-351f004 pad-both aos-type-fade aos-once-true\" data-id=\"351f004\" data-element_type=\"column\" data-e-type=\"column\">\n\t\t\t<div class=\"elementor-widget-wrap elementor-element-populated\">\n\t\t\t\t\t\t<div class=\"elementor-element elementor-element-badd8d6 brand-page-listing elementor-widget elementor-widget-brand\" data-id=\"badd8d6\" data-element_type=\"widget\" data-e-type=\"widget\" data-widget_type=\"brand.default\">\n\t\t\t\t<div class=\"elementor-widget-container\">\n\t\t\t\t\t\n\t\t\t<div class=\"brand-listing row align-center\">\n\n\t\t\t\t\n<div class=\"columns small-12 brand-row-part\">\n    <div class=\"row align-middle\">\n        <div class=\"brand-image columns small-12 medium-3\" style=\"background-image: url('https:\/\/www.jffabrics.com\/wp-content\/uploads\/2019\/01\/JFFabricsFE_Brands_BrandContent_Bella-Dura.jpg');\">\n\t\t\t    \t\t\t\t\t\t<div class=\"brand-logo-container\">\n\t\t\t\t\t\t\t<img decoding=\"async\" src=\"https:\/\/www.jffabrics.com\/wp-content\/uploads\/2018\/08\/brands-logos-belladura.png\" alt=\"Bella Dura\"\/>\n\t\t\t\t\t\t<\/div>\n\t\t\t            <\/div>\n\n        <div class=\"columns small-12 medium-9\">\n                            <h3>Bella Dura<\/h3>\n                        <p>La fibre et la technologie prim\u00e9es Bella Dura ont \u00e9t\u00e9 \u00e9labor\u00e9es sp\u00e9cialement pour une utilisation contrat, h\u00f4tellerie, milieu de la sant\u00e9, aussi bien int\u00e9rieure qu\u2019ext\u00e9rieure. La performance est con\u00e7ue au c\u0153ur des fibres, offrant ainsi une excellente nettoyabilit\u00e9 \u00e0 la javel inh\u00e9rente, une r\u00e9sistance au boulochage, une r\u00e9sistance \u00e9lev\u00e9e \u00e0 l\u2019abrasion et aux UV, et tout cela sans rev\u00eatement toxique.<\/p>\n        <\/div>\n    <\/div>\n<\/div>\n\n\n<div class=\"columns small-12 brand-row-part\">\n    <div class=\"row align-middle\">\n        <div class=\"brand-image columns small-12 medium-3\" style=\"background-image: url('https:\/\/www.jffabrics.com\/wp-content\/uploads\/2019\/04\/Brand-Crypton.jpg');\">\n\t\t\t    \t\t\t\t\t\t<div class=\"brand-logo-container\">\n\t\t\t\t\t\t\t<img decoding=\"async\" src=\"https:\/\/www.jffabrics.com\/wp-content\/uploads\/2018\/08\/brands-logos-crypton.png\" alt=\"Crypton\"\/>\n\t\t\t\t\t\t<\/div>\n\t\t\t            <\/div>\n\n        <div class=\"columns small-12 medium-9\">\n                            <a href=\"https:\/\/www.crypton.com\/\" target=\"_blank\" class=\"stretched-link\"><h3>Crypton<\/h3><\/a>\n                        <p>Crypton pr\u00e9sente une s\u00e9lection de tissus respectueux de l\u2019environnement, cr\u00e9\u00e9s pour la vie de tous les jours, dans toute sa beaut\u00e9, et avec les d\u00e9g\u00e2ts in\u00e9vitables qui l\u2019accompagnent. Pourvus d\u2019une r\u00e9sistance aux taches, aux odeurs et \u00e0 l\u2019humidit\u00e9, les tissus Crypton sont parfaits pour les restaurants, les h\u00f4tels, les \u00e9tablissements de soins de sant\u00e9 et partout o\u00f9 des tissus r\u00e9sistants sont n\u00e9cessaires.<\/p>\n        <\/div>\n    <\/div>\n<\/div>\n\n\n<div class=\"columns small-12 brand-row-part\">\n    <div class=\"row align-middle\">\n        <div class=\"brand-image columns small-12 medium-3\" style=\"background-image: url('https:\/\/www.jffabrics.com\/wp-content\/uploads\/2019\/02\/JFFabricsFE_Brands_BrandsContent_Crypton.jpg');\">\n\t\t\t    \t\t\t\t\t\t<div class=\"brand-logo-container\">\n\t\t\t\t\t\t\t<img decoding=\"async\" src=\"https:\/\/www.jffabrics.com\/wp-content\/uploads\/2018\/12\/crypton_home.png\" alt=\"Crypton Home\"\/>\n\t\t\t\t\t\t<\/div>\n\t\t\t            <\/div>\n\n        <div class=\"columns small-12 medium-9\">\n                            <a href=\"https:\/\/www.cryptonhomefabric.com\/\" target=\"_blank\" class=\"stretched-link\"><h3>Crypton Home<\/h3><\/a>\n                        <p>Les tissus d\u2019ameublement Crypton Home sont respectueux de l\u2019environnement et durables. Afin de rendre la vie \u00e0 la maison plus confortable sans sacrifier la beaut\u00e9, les tissus Crypton Home sont pourvus d\u2019une grande r\u00e9sistance \u00e0 l\u2019abrasion et au boulochage, et d\u2019un traitement antitache, tout en restant remarquablement doux au toucher.<\/p>\n        <\/div>\n    <\/div>\n<\/div>\n\n\n<div class=\"columns small-12 brand-row-part\">\n    <div class=\"row align-middle\">\n        <div class=\"brand-image columns small-12 medium-3\" style=\"background-image: url('https:\/\/www.jffabrics.com\/wp-content\/uploads\/2019\/01\/JFFabricsFE_Brands_BrandsContent_FibreGuard.jpg');\">\n\t\t\t    \t\t\t\t\t\t<div class=\"brand-logo-container\">\n\t\t\t\t\t\t\t<img decoding=\"async\" src=\"https:\/\/www.jffabrics.com\/wp-content\/uploads\/2018\/08\/brands-logos-fibreguard.png\" alt=\"FibreGuard\"\/>\n\t\t\t\t\t\t<\/div>\n\t\t\t            <\/div>\n\n        <div class=\"columns small-12 medium-9\">\n                            <a href=\"https:\/\/fibreguard.com\/\" target=\"_blank\" class=\"stretched-link\"><h3>FibreGuard<\/h3><\/a>\n                        <p>Quand la technologie a rendez-vous avec le style ! Label de qualit\u00e9 dans le monde du textile, FibreGuard combine une technologie antitache de pointe avec des textiles styl\u00e9s et de grande qualit\u00e9 afin de s\u2019assurer que l\u2019ameublement de maison puisse faire face aux taches du quotidien et reste beau pendant des ann\u00e9es \u00e0 venir.<\/p>\n        <\/div>\n    <\/div>\n<\/div>\n\n\n<div class=\"columns small-12 brand-row-part\">\n    <div class=\"row align-middle\">\n        <div class=\"brand-image columns small-12 medium-3\" style=\"background-image: url('https:\/\/www.jffabrics.com\/wp-content\/uploads\/2019\/01\/JFFabricsFE_Brands_BrandsContent_InsideOut2.jpg');\">\n\t\t\t    \t\t\t\t\t\t<div class=\"brand-logo-container\">\n\t\t\t\t\t\t\t<img decoding=\"async\" src=\"https:\/\/www.jffabrics.com\/wp-content\/uploads\/2018\/12\/insideout_logo.png\" alt=\"Inside Out\"\/>\n\t\t\t\t\t\t<\/div>\n\t\t\t            <\/div>\n\n        <div class=\"columns small-12 medium-9\">\n                            <a href=\"https:\/\/www.insideoutperformancefabrics.com\/\" target=\"_blank\" class=\"stretched-link\"><h3>Inside Out<\/h3><\/a>\n                        <p>JF Fabrics distribue des collections exclusives sous la marque Inside Out Performance. Il s\u2019agit des premiers tissus \u00e0 performance compl\u00e8te qui satisferont vos besoins et r\u00e9sisteront aux \u00e9l\u00e9ments aussi bien \u00e0 l\u2019int\u00e9rieur qu\u2019\u00e0 l\u2019ext\u00e9rieur. Les tissus Inside Out Performance allient un design sup\u00e9rieur avec une performance in\u00e9gal\u00e9e, capable de supporter les conditions les plus difficiles \u00e0 l\u2019int\u00e9rieur de votre maison comme dans votre espace de vie ext\u00e9rieur.<\/p>\n        <\/div>\n    <\/div>\n<\/div>\n\n\n<div class=\"columns small-12 brand-row-part\">\n    <div class=\"row align-middle\">\n        <div class=\"brand-image columns small-12 medium-3\" style=\"background-image: url('https:\/\/www.jffabrics.com\/wp-content\/uploads\/2019\/01\/JFFabricsFE_Brands_BrandsContent_Sunbrella.jpg');\">\n\t\t\t    \t\t\t\t\t\t<div class=\"brand-logo-container\">\n\t\t\t\t\t\t\t<img decoding=\"async\" src=\"https:\/\/www.jffabrics.com\/wp-content\/uploads\/2018\/08\/brands-logos-sunbrella.png\" alt=\"Sunbrella\"\/>\n\t\t\t\t\t\t<\/div>\n\t\t\t            <\/div>\n\n        <div class=\"columns small-12 medium-9\">\n                            <a href=\"https:\/\/global.sunbrella.com\/\" target=\"_blank\" class=\"stretched-link\"><h3>Sunbrella<\/h3><\/a>\n                        <p>Les tissus Sunbrella tirent leur inspiration de riches palettes de couleurs, d\u2019histoires tendance et d\u2019un ensemble de textures agr\u00e9ables. Notre collection textile favorise un design, un confort et un milieu de vie exceptionnels, avec une grande facilit\u00e9 de nettoyage et une haute r\u00e9sistance aux UV.<\/p>\n        <\/div>\n    <\/div>\n<\/div>\n\n\n\t\t\t<\/div>\n\t\t\t\t\t\t\t<\/div>\n\t\t\t\t<\/div>\n\t\t\t\t\t<\/div>\n\t\t<\/div>\n\t\t\t\t\t<\/div>\n\t\t<\/section>\n\t\t\t\t<\/div>\n\t\t","protected":false},"excerpt":{"rendered":"<p>Marques partenaires Trouvez exactement ce que vous cherchez gr\u00e2ce aux s\u00e9lections exclusives de nos marques partenaires Performance. Crypton Crypton\u2019s selection&#8230; <a class=\"excerpt-read-more\" href=\"https:\/\/www.jffabrics.com\/fr\/marques\/\" title=\"LuMarques\">En lire plus<\/a><\/p>\n","protected":false},"author":2,"featured_media":0,"parent":0,"menu_order":0,"comment_status":"closed","ping_status":"closed","template":"elementor_header_footer","meta":{"_acf_changed":false,"footnotes":""},"class_list":["post-64642","page","type-page","status-publish","hentry"],"acf":[],"yoast_head":"<!-- This site is optimized with the Yoast SEO plugin v27.3 - https:\/\/yoast.com\/product\/yoast-seo-wordpress\/ -->\n<title>Marques - JF Fabrics<\/title>\n<meta name=\"robots\" content=\"index, follow, max-snippet:-1, max-image-preview:large, max-video-preview:-1\" \/>\n<link rel=\"canonical\" href=\"https:\/\/www.jffabrics.com\/fr\/marques\/\" \/>\n<meta property=\"og:locale\" content=\"fr_FR\" \/>\n<meta property=\"og:type\" content=\"article\" \/>\n<meta property=\"og:title\" content=\"Marques - JF Fabrics\" \/>\n<meta property=\"og:description\" content=\"Marques partenaires Trouvez exactement ce que vous cherchez gr\u00e2ce aux s\u00e9lections exclusives de nos marques partenaires Performance. Crypton Crypton\u2019s selection... En lire plus\" \/>\n<meta property=\"og:url\" content=\"https:\/\/www.jffabrics.com\/fr\/marques\/\" \/>\n<meta property=\"og:site_name\" content=\"JF Fabrics\" \/>\n<meta property=\"article:modified_time\" content=\"2023-06-24T02:32:07+00:00\" \/>\n<meta property=\"og:image\" content=\"https:\/\/www.jffabrics.com\/wp-content\/uploads\/2023\/06\/DRIFTWOOD_BENCH3-1.jpg\" \/>\n<meta name=\"twitter:card\" content=\"summary_large_image\" \/>\n<meta name=\"twitter:label1\" content=\"Dur\u00e9e de lecture estim\u00e9e\" \/>\n\t<meta name=\"twitter:data1\" content=\"5 minutes\" \/>\n<script type=\"application\/ld+json\" class=\"yoast-schema-graph\">{\"@context\":\"https:\\\/\\\/schema.org\",\"@graph\":[{\"@type\":\"WebPage\",\"@id\":\"https:\\\/\\\/www.jffabrics.com\\\/fr\\\/marques\\\/\",\"url\":\"https:\\\/\\\/www.jffabrics.com\\\/fr\\\/marques\\\/\",\"name\":\"Marques - JF Fabrics\",\"isPartOf\":{\"@id\":\"https:\\\/\\\/www.jffabrics.com\\\/fr\\\/#website\"},\"primaryImageOfPage\":{\"@id\":\"https:\\\/\\\/www.jffabrics.com\\\/fr\\\/marques\\\/#primaryimage\"},\"image\":{\"@id\":\"https:\\\/\\\/www.jffabrics.com\\\/fr\\\/marques\\\/#primaryimage\"},\"thumbnailUrl\":\"https:\\\/\\\/www.jffabrics.com\\\/wp-content\\\/uploads\\\/2023\\\/06\\\/DRIFTWOOD_BENCH3-1.jpg\",\"datePublished\":\"2018-08-07T16:33:45+00:00\",\"dateModified\":\"2023-06-24T02:32:07+00:00\",\"breadcrumb\":{\"@id\":\"https:\\\/\\\/www.jffabrics.com\\\/fr\\\/marques\\\/#breadcrumb\"},\"inLanguage\":\"fr-FR\",\"potentialAction\":[{\"@type\":\"ReadAction\",\"target\":[\"https:\\\/\\\/www.jffabrics.com\\\/fr\\\/marques\\\/\"]}]},{\"@type\":\"ImageObject\",\"inLanguage\":\"fr-FR\",\"@id\":\"https:\\\/\\\/www.jffabrics.com\\\/fr\\\/marques\\\/#primaryimage\",\"url\":\"https:\\\/\\\/www.jffabrics.com\\\/wp-content\\\/uploads\\\/2023\\\/06\\\/DRIFTWOOD_BENCH3-1.jpg\",\"contentUrl\":\"https:\\\/\\\/www.jffabrics.com\\\/wp-content\\\/uploads\\\/2023\\\/06\\\/DRIFTWOOD_BENCH3-1.jpg\"},{\"@type\":\"BreadcrumbList\",\"@id\":\"https:\\\/\\\/www.jffabrics.com\\\/fr\\\/marques\\\/#breadcrumb\",\"itemListElement\":[{\"@type\":\"ListItem\",\"position\":1,\"name\":\"Home\",\"item\":\"https:\\\/\\\/www.jffabrics.com\\\/fr\\\/\"},{\"@type\":\"ListItem\",\"position\":2,\"name\":\"Marques\"}]},{\"@type\":\"WebSite\",\"@id\":\"https:\\\/\\\/www.jffabrics.com\\\/fr\\\/#website\",\"url\":\"https:\\\/\\\/www.jffabrics.com\\\/fr\\\/\",\"name\":\"JF Fabrics\",\"description\":\"Cr\u00e9ativit\u00e9 sur demande\",\"publisher\":{\"@id\":\"https:\\\/\\\/www.jffabrics.com\\\/fr\\\/#organization\"},\"potentialAction\":[{\"@type\":\"SearchAction\",\"target\":{\"@type\":\"EntryPoint\",\"urlTemplate\":\"https:\\\/\\\/www.jffabrics.com\\\/fr\\\/?s={search_term_string}\"},\"query-input\":{\"@type\":\"PropertyValueSpecification\",\"valueRequired\":true,\"valueName\":\"search_term_string\"}}],\"inLanguage\":\"fr-FR\"},{\"@type\":\"Organization\",\"@id\":\"https:\\\/\\\/www.jffabrics.com\\\/fr\\\/#organization\",\"name\":\"JF Fabrics\",\"url\":\"https:\\\/\\\/www.jffabrics.com\\\/fr\\\/\",\"logo\":{\"@type\":\"ImageObject\",\"inLanguage\":\"fr-FR\",\"@id\":\"https:\\\/\\\/www.jffabrics.com\\\/fr\\\/#\\\/schema\\\/logo\\\/image\\\/\",\"url\":\"https:\\\/\\\/www.jffabrics.com\\\/wp-content\\\/uploads\\\/2018\\\/07\\\/jf-logo-black.svg\",\"contentUrl\":\"https:\\\/\\\/www.jffabrics.com\\\/wp-content\\\/uploads\\\/2018\\\/07\\\/jf-logo-black.svg\",\"caption\":\"JF Fabrics\"},\"image\":{\"@id\":\"https:\\\/\\\/www.jffabrics.com\\\/fr\\\/#\\\/schema\\\/logo\\\/image\\\/\"}}]}<\/script>\n<!-- \/ Yoast SEO plugin. -->","yoast_head_json":{"title":"Marques - JF Fabrics","robots":{"index":"index","follow":"follow","max-snippet":"max-snippet:-1","max-image-preview":"max-image-preview:large","max-video-preview":"max-video-preview:-1"},"canonical":"https:\/\/www.jffabrics.com\/fr\/marques\/","og_locale":"fr_FR","og_type":"article","og_title":"Marques - JF Fabrics","og_description":"Marques partenaires Trouvez exactement ce que vous cherchez gr\u00e2ce aux s\u00e9lections exclusives de nos marques partenaires Performance. Crypton Crypton\u2019s selection... En lire plus","og_url":"https:\/\/www.jffabrics.com\/fr\/marques\/","og_site_name":"JF Fabrics","article_modified_time":"2023-06-24T02:32:07+00:00","og_image":[{"url":"https:\/\/www.jffabrics.com\/wp-content\/uploads\/2023\/06\/DRIFTWOOD_BENCH3-1.jpg","type":"","width":"","height":""}],"twitter_card":"summary_large_image","twitter_misc":{"Dur\u00e9e de lecture estim\u00e9e":"5 minutes"},"schema":{"@context":"https:\/\/schema.org","@graph":[{"@type":"WebPage","@id":"https:\/\/www.jffabrics.com\/fr\/marques\/","url":"https:\/\/www.jffabrics.com\/fr\/marques\/","name":"Marques - JF Fabrics","isPartOf":{"@id":"https:\/\/www.jffabrics.com\/fr\/#website"},"primaryImageOfPage":{"@id":"https:\/\/www.jffabrics.com\/fr\/marques\/#primaryimage"},"image":{"@id":"https:\/\/www.jffabrics.com\/fr\/marques\/#primaryimage"},"thumbnailUrl":"https:\/\/www.jffabrics.com\/wp-content\/uploads\/2023\/06\/DRIFTWOOD_BENCH3-1.jpg","datePublished":"2018-08-07T16:33:45+00:00","dateModified":"2023-06-24T02:32:07+00:00","breadcrumb":{"@id":"https:\/\/www.jffabrics.com\/fr\/marques\/#breadcrumb"},"inLanguage":"fr-FR","potentialAction":[{"@type":"ReadAction","target":["https:\/\/www.jffabrics.com\/fr\/marques\/"]}]},{"@type":"ImageObject","inLanguage":"fr-FR","@id":"https:\/\/www.jffabrics.com\/fr\/marques\/#primaryimage","url":"https:\/\/www.jffabrics.com\/wp-content\/uploads\/2023\/06\/DRIFTWOOD_BENCH3-1.jpg","contentUrl":"https:\/\/www.jffabrics.com\/wp-content\/uploads\/2023\/06\/DRIFTWOOD_BENCH3-1.jpg"},{"@type":"BreadcrumbList","@id":"https:\/\/www.jffabrics.com\/fr\/marques\/#breadcrumb","itemListElement":[{"@type":"ListItem","position":1,"name":"Home","item":"https:\/\/www.jffabrics.com\/fr\/"},{"@type":"ListItem","position":2,"name":"Marques"}]},{"@type":"WebSite","@id":"https:\/\/www.jffabrics.com\/fr\/#website","url":"https:\/\/www.jffabrics.com\/fr\/","name":"JF Fabrics","description":"Cr\u00e9ativit\u00e9 sur demande","publisher":{"@id":"https:\/\/www.jffabrics.com\/fr\/#organization"},"potentialAction":[{"@type":"SearchAction","target":{"@type":"EntryPoint","urlTemplate":"https:\/\/www.jffabrics.com\/fr\/?s={search_term_string}"},"query-input":{"@type":"PropertyValueSpecification","valueRequired":true,"valueName":"search_term_string"}}],"inLanguage":"fr-FR"},{"@type":"Organization","@id":"https:\/\/www.jffabrics.com\/fr\/#organization","name":"JF Fabrics","url":"https:\/\/www.jffabrics.com\/fr\/","logo":{"@type":"ImageObject","inLanguage":"fr-FR","@id":"https:\/\/www.jffabrics.com\/fr\/#\/schema\/logo\/image\/","url":"https:\/\/www.jffabrics.com\/wp-content\/uploads\/2018\/07\/jf-logo-black.svg","contentUrl":"https:\/\/www.jffabrics.com\/wp-content\/uploads\/2018\/07\/jf-logo-black.svg","caption":"JF Fabrics"},"image":{"@id":"https:\/\/www.jffabrics.com\/fr\/#\/schema\/logo\/image\/"}}]}},"_links":{"self":[{"href":"https:\/\/www.jffabrics.com\/fr\/wp-json\/wp\/v2\/pages\/64642","targetHints":{"allow":["GET"]}}],"collection":[{"href":"https:\/\/www.jffabrics.com\/fr\/wp-json\/wp\/v2\/pages"}],"about":[{"href":"https:\/\/www.jffabrics.com\/fr\/wp-json\/wp\/v2\/types\/page"}],"author":[{"embeddable":true,"href":"https:\/\/www.jffabrics.com\/fr\/wp-json\/wp\/v2\/users\/2"}],"replies":[{"embeddable":true,"href":"https:\/\/www.jffabrics.com\/fr\/wp-json\/wp\/v2\/comments?post=64642"}],"version-history":[{"count":0,"href":"https:\/\/www.jffabrics.com\/fr\/wp-json\/wp\/v2\/pages\/64642\/revisions"}],"wp:attachment":[{"href":"https:\/\/www.jffabrics.com\/fr\/wp-json\/wp\/v2\/media?parent=64642"}],"curies":[{"name":"wp","href":"https:\/\/api.w.org\/{rel}","templated":true}]}}