{"id":64641,"date":"2018-08-07T18:23:26","date_gmt":"2018-08-07T18:23:26","guid":{"rendered":"https:\/\/jfstaging.wpengine.com\/devenez-client\/"},"modified":"2023-10-25T16:11:47","modified_gmt":"2023-10-25T16:11:47","slug":"devenez-client","status":"publish","type":"page","link":"https:\/\/www.jffabrics.com\/fr\/devenez-client\/","title":{"rendered":"Devenez client"},"content":{"rendered":"\t\t<div data-elementor-type=\"wp-post\" data-elementor-id=\"64641\" class=\"elementor elementor-64641 elementor-370\" data-elementor-post-type=\"page\">\n\t\t\t\t\t\t<section class=\"elementor-section elementor-top-section elementor-element elementor-element-e601462 hero-spacing elementor-section-boxed elementor-section-height-default elementor-section-height-default\" data-id=\"e601462\" data-element_type=\"section\" data-e-type=\"section\">\n\t\t\t\t\t\t<div class=\"elementor-container elementor-column-gap-default\">\n\t\t\t\t\t<div class=\"elementor-column elementor-col-100 elementor-top-column elementor-element elementor-element-30171f7\" data-id=\"30171f7\" data-element_type=\"column\" data-e-type=\"column\">\n\t\t\t<div class=\"elementor-widget-wrap elementor-element-populated\">\n\t\t\t\t\t\t<div class=\"elementor-element elementor-element-27d5891 hero-border elementor-invisible elementor-widget elementor-widget-image\" data-id=\"27d5891\" data-element_type=\"widget\" data-e-type=\"widget\" data-settings=\"{&quot;_animation&quot;:&quot;fadeIn&quot;}\" data-widget_type=\"image.default\">\n\t\t\t\t<div class=\"elementor-widget-container\">\n\t\t\t\t\t\t\t\t\t\t\t\t\t\t\t<img fetchpriority=\"high\" decoding=\"async\" width=\"2000\" height=\"2000\" src=\"https:\/\/www.jffabrics.com\/wp-content\/uploads\/2023\/09\/8252_71W9571-01.jpg\" class=\"attachment-full size-full wp-image-124001\" alt=\"\" srcset=\"https:\/\/www.jffabrics.com\/wp-content\/uploads\/2023\/09\/8252_71W9571-01.jpg 2000w, https:\/\/www.jffabrics.com\/wp-content\/uploads\/2023\/09\/8252_71W9571-01-300x300.jpg 300w, https:\/\/www.jffabrics.com\/wp-content\/uploads\/2023\/09\/8252_71W9571-01-1024x1024.jpg 1024w, https:\/\/www.jffabrics.com\/wp-content\/uploads\/2023\/09\/8252_71W9571-01-150x150.jpg 150w, https:\/\/www.jffabrics.com\/wp-content\/uploads\/2023\/09\/8252_71W9571-01-768x768.jpg 768w, https:\/\/www.jffabrics.com\/wp-content\/uploads\/2023\/09\/8252_71W9571-01-1536x1536.jpg 1536w, https:\/\/www.jffabrics.com\/wp-content\/uploads\/2023\/09\/8252_71W9571-01-250x250.jpg 250w, https:\/\/www.jffabrics.com\/wp-content\/uploads\/2023\/09\/8252_71W9571-01-350x350.jpg 350w, https:\/\/www.jffabrics.com\/wp-content\/uploads\/2023\/09\/8252_71W9571-01-200x200.jpg 200w, https:\/\/www.jffabrics.com\/wp-content\/uploads\/2023\/09\/8252_71W9571-01-400x400.jpg 400w, https:\/\/www.jffabrics.com\/wp-content\/uploads\/2023\/09\/8252_71W9571-01-850x850.jpg 850w, https:\/\/www.jffabrics.com\/wp-content\/uploads\/2023\/09\/8252_71W9571-01-650x650.jpg 650w, https:\/\/www.jffabrics.com\/wp-content\/uploads\/2023\/09\/8252_71W9571-01-60x60.jpg 60w\" sizes=\"(max-width: 2000px) 100vw, 2000px\" \/>\t\t\t\t\t\t\t\t\t\t\t\t\t\t\t<\/div>\n\t\t\t\t<\/div>\n\t\t\t\t\t<\/div>\n\t\t<\/div>\n\t\t\t\t\t<\/div>\n\t\t<\/section>\n\t\t\t\t<section class=\"elementor-section elementor-top-section elementor-element elementor-element-692e4e7 aos-type-fade aos-once-true elementor-section-boxed elementor-section-height-default elementor-section-height-default\" data-id=\"692e4e7\" data-element_type=\"section\" data-e-type=\"section\">\n\t\t\t\t\t\t<div class=\"elementor-container elementor-column-gap-default\">\n\t\t\t\t\t<div class=\"elementor-column elementor-col-100 elementor-top-column elementor-element elementor-element-11596f8\" data-id=\"11596f8\" data-element_type=\"column\" data-e-type=\"column\">\n\t\t\t<div class=\"elementor-widget-wrap elementor-element-populated\">\n\t\t\t\t\t\t<div class=\"elementor-element elementor-element-8b35d4e elementor-widget elementor-widget-text-editor\" data-id=\"8b35d4e\" data-element_type=\"widget\" data-e-type=\"widget\" data-widget_type=\"text-editor.default\">\n\t\t\t\t<div class=\"elementor-widget-container\">\n\t\t\t\t\t\t\t\t\t<h1 class=\"dot-wrap\">Devenez client<\/h1>\n\t\t\t\t\t\t\t\t<\/div>\n\t\t\t\t<\/div>\n\t\t\t\t\t<\/div>\n\t\t<\/div>\n\t\t\t\t\t<\/div>\n\t\t<\/section>\n\t\t\t\t<section class=\"elementor-section elementor-top-section elementor-element elementor-element-eb17458 elementor-section-boxed elementor-section-height-default elementor-section-height-default\" data-id=\"eb17458\" data-element_type=\"section\" data-e-type=\"section\">\n\t\t\t\t\t\t<div class=\"elementor-container elementor-column-gap-default\">\n\t\t\t\t\t<div class=\"elementor-column elementor-col-16 elementor-top-column elementor-element elementor-element-fc4f9f8\" data-id=\"fc4f9f8\" data-element_type=\"column\" data-e-type=\"column\">\n\t\t\t<div class=\"elementor-widget-wrap\">\n\t\t\t\t\t\t\t<\/div>\n\t\t<\/div>\n\t\t\t\t<div class=\"elementor-column elementor-col-66 elementor-top-column elementor-element elementor-element-2581511 pad-mobile aos-type-fade aos-once-true\" data-id=\"2581511\" data-element_type=\"column\" data-e-type=\"column\">\n\t\t\t<div class=\"elementor-widget-wrap elementor-element-populated\">\n\t\t\t\t\t\t<div class=\"elementor-element elementor-element-0325aae elementor-widget elementor-widget-text-editor\" data-id=\"0325aae\" data-element_type=\"widget\" data-e-type=\"widget\" data-widget_type=\"text-editor.default\">\n\t\t\t\t<div class=\"elementor-widget-container\">\n\t\t\t\t\t\t\t\t\t<p class=\"intro\">Passez plus de temps \u00e0 faire le travail cr\u00e9atif que vous aimez tant. Nous nous occupons des d\u00e9tails !<\/p>\n<p>C&rsquo;est facile de cr\u00e9er un compte chez nous :<\/p>\n<ol>\n<li>Veuillez compl\u00e9ter le formulaire ci-dessous pour nous contacter<\/li>\n<li>L\u2019un de nos repr\u00e9sentants vous contactera dans les 24 \u00e0 48 heures<\/li>\n<\/ol>\n\t\t\t\t\t\t\t\t<\/div>\n\t\t\t\t<\/div>\n\t\t\t\t<div class=\"elementor-element elementor-element-322d265 elementor-widget elementor-widget-spacer\" data-id=\"322d265\" data-element_type=\"widget\" data-e-type=\"widget\" data-widget_type=\"spacer.default\">\n\t\t\t\t<div class=\"elementor-widget-container\">\n\t\t\t\t\t\t\t<div class=\"elementor-spacer\">\n\t\t\t<div class=\"elementor-spacer-inner\"><\/div>\n\t\t<\/div>\n\t\t\t\t\t\t<\/div>\n\t\t\t\t<\/div>\n\t\t\t\t\t<\/div>\n\t\t<\/div>\n\t\t\t\t<div class=\"elementor-column elementor-col-16 elementor-top-column elementor-element elementor-element-521045e\" data-id=\"521045e\" data-element_type=\"column\" data-e-type=\"column\">\n\t\t\t<div class=\"elementor-widget-wrap\">\n\t\t\t\t\t\t\t<\/div>\n\t\t<\/div>\n\t\t\t\t\t<\/div>\n\t\t<\/section>\n\t\t\t\t<section class=\"elementor-section elementor-top-section elementor-element elementor-element-57c83ee elementor-section-boxed elementor-section-height-default elementor-section-height-default\" data-id=\"57c83ee\" data-element_type=\"section\" data-e-type=\"section\">\n\t\t\t\t\t\t<div class=\"elementor-container elementor-column-gap-default\">\n\t\t\t\t\t<div class=\"elementor-column elementor-col-100 elementor-top-column elementor-element elementor-element-442dbb6 pad-both aos-type-fade aos-once-true\" data-id=\"442dbb6\" data-element_type=\"column\" data-e-type=\"column\" data-settings=\"{&quot;background_background&quot;:&quot;classic&quot;}\">\n\t\t\t<div class=\"elementor-widget-wrap elementor-element-populated\">\n\t\t\t\t\t\t<div class=\"elementor-element elementor-element-ed1a221 pad-both elementor-widget elementor-widget-shortcode\" data-id=\"ed1a221\" data-element_type=\"widget\" data-e-type=\"widget\" data-widget_type=\"shortcode.default\">\n\t\t\t\t<div class=\"elementor-widget-container\">\n\t\t\t\t\t\t\t<div class=\"elementor-shortcode\">\n<div class=\"wpcf7 no-js\" id=\"wpcf7-f72159-o1\" lang=\"fr-FR\" dir=\"ltr\" data-wpcf7-id=\"72159\">\n<div class=\"screen-reader-response\"><p role=\"status\" aria-live=\"polite\" aria-atomic=\"true\"><\/p> <ul><\/ul><\/div>\n<form action=\"\/fr\/wp-json\/wp\/v2\/pages\/64641#wpcf7-f72159-o1\" method=\"post\" class=\"wpcf7-form init\" aria-label=\"Formulaire de contact\" novalidate=\"novalidate\" data-status=\"init\">\n<fieldset class=\"hidden-fields-container\"><input type=\"hidden\" name=\"_wpcf7\" value=\"72159\" \/><input type=\"hidden\" name=\"_wpcf7_version\" value=\"6.1.5\" \/><input type=\"hidden\" name=\"_wpcf7_locale\" value=\"fr_FR\" \/><input type=\"hidden\" name=\"_wpcf7_unit_tag\" value=\"wpcf7-f72159-o1\" \/><input type=\"hidden\" name=\"_wpcf7_container_post\" value=\"0\" \/><input type=\"hidden\" name=\"_wpcf7_posted_data_hash\" value=\"\" \/><input type=\"hidden\" name=\"_wpcf7_recaptcha_response\" value=\"\" \/>\n<\/fieldset>\n<div class=\"field-full\">\n\t<p><label>Sujet*<br \/>\n<span class=\"wpcf7-form-control-wrap\" data-name=\"Subject\"><select class=\"wpcf7-form-control wpcf7-select wpcf7-validates-as-required\" aria-required=\"true\" aria-invalid=\"false\" name=\"Subject\"><option value=\"\">&#8212;Veuillez choisir une option&#8212;<\/option><option value=\"Devenez client\">Devenez client<\/option><option value=\"Service de cr\u00e9dit\">Service de cr\u00e9dit<\/option><option value=\"Salle d&#039;exposition\">Salle d&#039;exposition<\/option><option value=\"Repr\u00e9sentant de la marque\">Repr\u00e9sentant de la marque<\/option><option value=\"Service \u00e0 la client\u00e8le\">Service \u00e0 la client\u00e8le<\/option><option value=\"Demande de mat\u00e9riel publicitaire\">Demande de mat\u00e9riel publicitaire<\/option><option value=\"G\u00e9n\u00e9ral\">G\u00e9n\u00e9ral<\/option><\/select><\/span><\/label>\n\t<\/p>\n<\/div>\n<div class=\"field-half\">\n\t<p><label> Nom de la soci\u00e9t\u00e9*<br \/>\n<span class=\"wpcf7-form-control-wrap\" data-name=\"company-name\"><input size=\"40\" maxlength=\"400\" class=\"wpcf7-form-control wpcf7-text wpcf7-validates-as-required half-width\" aria-required=\"true\" aria-invalid=\"false\" value=\"\" type=\"text\" name=\"company-name\" \/><\/span> <\/label>\n\t<\/p>\n<\/div>\n<div class=\"field-half\">\n\t<p><label> Nom du contact*<br \/>\n<span class=\"wpcf7-form-control-wrap\" data-name=\"contact-name\"><input size=\"40\" maxlength=\"400\" class=\"wpcf7-form-control wpcf7-text wpcf7-validates-as-required half-width\" aria-required=\"true\" aria-invalid=\"false\" value=\"\" type=\"text\" name=\"contact-name\" \/><\/span> <\/label>\n\t<\/p>\n<\/div>\n<div class=\"field-half\">\n\t<p><label> Adresse courriel*<br \/>\n<span class=\"wpcf7-form-control-wrap\" data-name=\"your-email\"><input size=\"40\" maxlength=\"400\" class=\"wpcf7-form-control wpcf7-email wpcf7-validates-as-required wpcf7-text wpcf7-validates-as-email\" aria-required=\"true\" aria-invalid=\"false\" value=\"\" type=\"email\" name=\"your-email\" \/><\/span> <\/label>\n\t<\/p>\n<\/div>\n<div class=\"field-half\">\n\t<p><label> Num\u00e9ro de t\u00e9l\u00e9phone<br \/>\n<span class=\"wpcf7-form-control-wrap\" data-name=\"phone-number\"><input size=\"40\" maxlength=\"400\" class=\"wpcf7-form-control wpcf7-tel wpcf7-text wpcf7-validates-as-tel\" aria-invalid=\"false\" value=\"\" type=\"tel\" name=\"phone-number\" \/><\/span> <\/label>\n\t<\/p>\n<\/div>\n<div class=\"field-full\">\n\t<h4>Addresse*\n\t<\/h4>\n<\/div>\n<div class=\"field-half\">\n\t<p><label> Adresse municipale<br \/>\n<span class=\"wpcf7-form-control-wrap\" data-name=\"address-street\"><input size=\"40\" maxlength=\"400\" class=\"wpcf7-form-control wpcf7-text wpcf7-validates-as-required\" aria-required=\"true\" aria-invalid=\"false\" value=\"\" type=\"text\" name=\"address-street\" \/><\/span> <\/label>\n\t<\/p>\n<\/div>\n<div class=\"field-half\">\n\t<p><label> Ville<br \/>\n<span class=\"wpcf7-form-control-wrap\" data-name=\"address-city\"><input size=\"40\" maxlength=\"400\" class=\"wpcf7-form-control wpcf7-text wpcf7-validates-as-required\" aria-required=\"true\" aria-invalid=\"false\" value=\"\" type=\"text\" name=\"address-city\" \/><\/span> <\/label>\n\t<\/p>\n<\/div>\n<div class=\"field-third\">\n\t<p><label> Province \/ \u00c9tat<br \/>\n<span class=\"wpcf7-form-control-wrap\" data-name=\"address-prov-state\"><input size=\"40\" maxlength=\"400\" class=\"wpcf7-form-control wpcf7-text wpcf7-validates-as-required\" aria-required=\"true\" aria-invalid=\"false\" value=\"\" type=\"text\" name=\"address-prov-state\" \/><\/span> <\/label>\n\t<\/p>\n<\/div>\n<div class=\"field-third\">\n\t<p><label> Code zip \/ Code postal<br \/>\n<span class=\"wpcf7-form-control-wrap\" data-name=\"address-postal\"><input size=\"40\" maxlength=\"400\" class=\"wpcf7-form-control wpcf7-text wpcf7-validates-as-required\" aria-required=\"true\" aria-invalid=\"false\" value=\"\" type=\"text\" name=\"address-postal\" \/><\/span> <\/label>\n\t<\/p>\n<\/div>\n<div class=\"field-third\">\n\t<p><label> Pays<br \/>\n<span class=\"wpcf7-form-control-wrap\" data-name=\"address-country\"><input size=\"40\" maxlength=\"400\" class=\"wpcf7-form-control wpcf7-text wpcf7-validates-as-required\" aria-required=\"true\" aria-invalid=\"false\" value=\"\" type=\"text\" name=\"address-country\" \/><\/span> <\/label>\n\t<\/p>\n<\/div>\n<div class=\"field-full\">\n\t<p><label> Message*<br \/>\n<span class=\"wpcf7-form-control-wrap\" data-name=\"your-message\"><textarea cols=\"40\" rows=\"10\" maxlength=\"2000\" class=\"wpcf7-form-control wpcf7-textarea\" aria-invalid=\"false\" name=\"your-message\"><\/textarea><\/span> <\/label>\n\t<\/p>\n<\/div>\n<div class=\"field-full\">\n\t<p><input class=\"wpcf7-form-control wpcf7-submit has-spinner form-button\" type=\"submit\" value=\"Envoyer\" \/>\n\t<\/p>\n<\/div><div class=\"wpcf7-response-output\" aria-hidden=\"true\"><\/div>\n<\/form>\n<\/div>\n<\/div>\n\t\t\t\t\t\t<\/div>\n\t\t\t\t<\/div>\n\t\t\t\t\t<\/div>\n\t\t<\/div>\n\t\t\t\t\t<\/div>\n\t\t<\/section>\n\t\t\t\t<\/div>\n\t\t","protected":false},"excerpt":{"rendered":"<p>Devenez client Passez plus de temps \u00e0 faire le travail cr\u00e9atif que vous aimez tant. Nous nous occupons des d\u00e9tails&#8230; <a class=\"excerpt-read-more\" href=\"https:\/\/www.jffabrics.com\/fr\/devenez-client\/\" title=\"LuDevenez client\">En lire plus<\/a><\/p>\n","protected":false},"author":2,"featured_media":0,"parent":0,"menu_order":0,"comment_status":"closed","ping_status":"closed","template":"elementor_header_footer","meta":{"_acf_changed":false,"footnotes":""},"class_list":["post-64641","page","type-page","status-publish","hentry"],"acf":[],"yoast_head":"<!-- This site is optimized with the Yoast SEO plugin v27.2 - https:\/\/yoast.com\/product\/yoast-seo-wordpress\/ -->\n<title>Devenez client - JF Fabrics<\/title>\n<meta name=\"robots\" content=\"index, follow, max-snippet:-1, max-image-preview:large, max-video-preview:-1\" \/>\n<link rel=\"canonical\" href=\"https:\/\/www.jffabrics.com\/fr\/devenez-client\/\" \/>\n<meta property=\"og:locale\" content=\"fr_FR\" \/>\n<meta property=\"og:type\" content=\"article\" \/>\n<meta property=\"og:title\" content=\"Devenez client - JF Fabrics\" \/>\n<meta property=\"og:description\" content=\"Devenez client Passez plus de temps \u00e0 faire le travail cr\u00e9atif que vous aimez tant. Nous nous occupons des d\u00e9tails... En lire plus\" \/>\n<meta property=\"og:url\" content=\"https:\/\/www.jffabrics.com\/fr\/devenez-client\/\" \/>\n<meta property=\"og:site_name\" content=\"JF Fabrics\" \/>\n<meta property=\"article:modified_time\" content=\"2023-10-25T16:11:47+00:00\" \/>\n<meta property=\"og:image\" content=\"https:\/\/www.jffabrics.com\/wp-content\/uploads\/2023\/09\/8252_71W9571-01.jpg\" \/>\n<meta name=\"twitter:card\" content=\"summary_large_image\" \/>\n<script type=\"application\/ld+json\" class=\"yoast-schema-graph\">{\"@context\":\"https:\/\/schema.org\",\"@graph\":[{\"@type\":\"WebPage\",\"@id\":\"https:\/\/www.jffabrics.com\/fr\/devenez-client\/\",\"url\":\"https:\/\/www.jffabrics.com\/fr\/devenez-client\/\",\"name\":\"Devenez client - JF Fabrics\",\"isPartOf\":{\"@id\":\"https:\/\/www.jffabrics.com\/fr\/#website\"},\"primaryImageOfPage\":{\"@id\":\"https:\/\/www.jffabrics.com\/fr\/devenez-client\/#primaryimage\"},\"image\":{\"@id\":\"https:\/\/www.jffabrics.com\/fr\/devenez-client\/#primaryimage\"},\"thumbnailUrl\":\"https:\/\/www.jffabrics.com\/wp-content\/uploads\/2023\/09\/8252_71W9571-01.jpg\",\"datePublished\":\"2018-08-07T18:23:26+00:00\",\"dateModified\":\"2023-10-25T16:11:47+00:00\",\"breadcrumb\":{\"@id\":\"https:\/\/www.jffabrics.com\/fr\/devenez-client\/#breadcrumb\"},\"inLanguage\":\"fr-FR\",\"potentialAction\":[{\"@type\":\"ReadAction\",\"target\":[\"https:\/\/www.jffabrics.com\/fr\/devenez-client\/\"]}]},{\"@type\":\"ImageObject\",\"inLanguage\":\"fr-FR\",\"@id\":\"https:\/\/www.jffabrics.com\/fr\/devenez-client\/#primaryimage\",\"url\":\"https:\/\/www.jffabrics.com\/wp-content\/uploads\/2023\/09\/8252_71W9571-01.jpg\",\"contentUrl\":\"https:\/\/www.jffabrics.com\/wp-content\/uploads\/2023\/09\/8252_71W9571-01.jpg\"},{\"@type\":\"BreadcrumbList\",\"@id\":\"https:\/\/www.jffabrics.com\/fr\/devenez-client\/#breadcrumb\",\"itemListElement\":[{\"@type\":\"ListItem\",\"position\":1,\"name\":\"Home\",\"item\":\"https:\/\/www.jffabrics.com\/fr\/\"},{\"@type\":\"ListItem\",\"position\":2,\"name\":\"Devenez client\"}]},{\"@type\":\"WebSite\",\"@id\":\"https:\/\/www.jffabrics.com\/fr\/#website\",\"url\":\"https:\/\/www.jffabrics.com\/fr\/\",\"name\":\"JF Fabrics\",\"description\":\"Cr\u00e9ativit\u00e9 sur demande\",\"publisher\":{\"@id\":\"https:\/\/www.jffabrics.com\/fr\/#organization\"},\"potentialAction\":[{\"@type\":\"SearchAction\",\"target\":{\"@type\":\"EntryPoint\",\"urlTemplate\":\"https:\/\/www.jffabrics.com\/fr\/?s={search_term_string}\"},\"query-input\":{\"@type\":\"PropertyValueSpecification\",\"valueRequired\":true,\"valueName\":\"search_term_string\"}}],\"inLanguage\":\"fr-FR\"},{\"@type\":\"Organization\",\"@id\":\"https:\/\/www.jffabrics.com\/fr\/#organization\",\"name\":\"JF Fabrics\",\"url\":\"https:\/\/www.jffabrics.com\/fr\/\",\"logo\":{\"@type\":\"ImageObject\",\"inLanguage\":\"fr-FR\",\"@id\":\"https:\/\/www.jffabrics.com\/fr\/#\/schema\/logo\/image\/\",\"url\":\"https:\/\/www.jffabrics.com\/wp-content\/uploads\/2018\/07\/jf-logo-black.svg\",\"contentUrl\":\"https:\/\/www.jffabrics.com\/wp-content\/uploads\/2018\/07\/jf-logo-black.svg\",\"caption\":\"JF Fabrics\"},\"image\":{\"@id\":\"https:\/\/www.jffabrics.com\/fr\/#\/schema\/logo\/image\/\"}}]}<\/script>\n<!-- \/ Yoast SEO plugin. -->","yoast_head_json":{"title":"Devenez client - JF Fabrics","robots":{"index":"index","follow":"follow","max-snippet":"max-snippet:-1","max-image-preview":"max-image-preview:large","max-video-preview":"max-video-preview:-1"},"canonical":"https:\/\/www.jffabrics.com\/fr\/devenez-client\/","og_locale":"fr_FR","og_type":"article","og_title":"Devenez client - JF Fabrics","og_description":"Devenez client Passez plus de temps \u00e0 faire le travail cr\u00e9atif que vous aimez tant. Nous nous occupons des d\u00e9tails... En lire plus","og_url":"https:\/\/www.jffabrics.com\/fr\/devenez-client\/","og_site_name":"JF Fabrics","article_modified_time":"2023-10-25T16:11:47+00:00","og_image":[{"url":"https:\/\/www.jffabrics.com\/wp-content\/uploads\/2023\/09\/8252_71W9571-01.jpg","type":"","width":"","height":""}],"twitter_card":"summary_large_image","schema":{"@context":"https:\/\/schema.org","@graph":[{"@type":"WebPage","@id":"https:\/\/www.jffabrics.com\/fr\/devenez-client\/","url":"https:\/\/www.jffabrics.com\/fr\/devenez-client\/","name":"Devenez client - JF Fabrics","isPartOf":{"@id":"https:\/\/www.jffabrics.com\/fr\/#website"},"primaryImageOfPage":{"@id":"https:\/\/www.jffabrics.com\/fr\/devenez-client\/#primaryimage"},"image":{"@id":"https:\/\/www.jffabrics.com\/fr\/devenez-client\/#primaryimage"},"thumbnailUrl":"https:\/\/www.jffabrics.com\/wp-content\/uploads\/2023\/09\/8252_71W9571-01.jpg","datePublished":"2018-08-07T18:23:26+00:00","dateModified":"2023-10-25T16:11:47+00:00","breadcrumb":{"@id":"https:\/\/www.jffabrics.com\/fr\/devenez-client\/#breadcrumb"},"inLanguage":"fr-FR","potentialAction":[{"@type":"ReadAction","target":["https:\/\/www.jffabrics.com\/fr\/devenez-client\/"]}]},{"@type":"ImageObject","inLanguage":"fr-FR","@id":"https:\/\/www.jffabrics.com\/fr\/devenez-client\/#primaryimage","url":"https:\/\/www.jffabrics.com\/wp-content\/uploads\/2023\/09\/8252_71W9571-01.jpg","contentUrl":"https:\/\/www.jffabrics.com\/wp-content\/uploads\/2023\/09\/8252_71W9571-01.jpg"},{"@type":"BreadcrumbList","@id":"https:\/\/www.jffabrics.com\/fr\/devenez-client\/#breadcrumb","itemListElement":[{"@type":"ListItem","position":1,"name":"Home","item":"https:\/\/www.jffabrics.com\/fr\/"},{"@type":"ListItem","position":2,"name":"Devenez client"}]},{"@type":"WebSite","@id":"https:\/\/www.jffabrics.com\/fr\/#website","url":"https:\/\/www.jffabrics.com\/fr\/","name":"JF Fabrics","description":"Cr\u00e9ativit\u00e9 sur demande","publisher":{"@id":"https:\/\/www.jffabrics.com\/fr\/#organization"},"potentialAction":[{"@type":"SearchAction","target":{"@type":"EntryPoint","urlTemplate":"https:\/\/www.jffabrics.com\/fr\/?s={search_term_string}"},"query-input":{"@type":"PropertyValueSpecification","valueRequired":true,"valueName":"search_term_string"}}],"inLanguage":"fr-FR"},{"@type":"Organization","@id":"https:\/\/www.jffabrics.com\/fr\/#organization","name":"JF Fabrics","url":"https:\/\/www.jffabrics.com\/fr\/","logo":{"@type":"ImageObject","inLanguage":"fr-FR","@id":"https:\/\/www.jffabrics.com\/fr\/#\/schema\/logo\/image\/","url":"https:\/\/www.jffabrics.com\/wp-content\/uploads\/2018\/07\/jf-logo-black.svg","contentUrl":"https:\/\/www.jffabrics.com\/wp-content\/uploads\/2018\/07\/jf-logo-black.svg","caption":"JF Fabrics"},"image":{"@id":"https:\/\/www.jffabrics.com\/fr\/#\/schema\/logo\/image\/"}}]}},"_links":{"self":[{"href":"https:\/\/www.jffabrics.com\/fr\/wp-json\/wp\/v2\/pages\/64641","targetHints":{"allow":["GET"]}}],"collection":[{"href":"https:\/\/www.jffabrics.com\/fr\/wp-json\/wp\/v2\/pages"}],"about":[{"href":"https:\/\/www.jffabrics.com\/fr\/wp-json\/wp\/v2\/types\/page"}],"author":[{"embeddable":true,"href":"https:\/\/www.jffabrics.com\/fr\/wp-json\/wp\/v2\/users\/2"}],"replies":[{"embeddable":true,"href":"https:\/\/www.jffabrics.com\/fr\/wp-json\/wp\/v2\/comments?post=64641"}],"version-history":[{"count":0,"href":"https:\/\/www.jffabrics.com\/fr\/wp-json\/wp\/v2\/pages\/64641\/revisions"}],"wp:attachment":[{"href":"https:\/\/www.jffabrics.com\/fr\/wp-json\/wp\/v2\/media?parent=64641"}],"curies":[{"name":"wp","href":"https:\/\/api.w.org\/{rel}","templated":true}]}}