{"id":64640,"date":"2018-08-03T18:49:00","date_gmt":"2018-08-03T18:49:00","guid":{"rendered":"https:\/\/jfstaging.wpengine.com\/qui-sommes-nous\/"},"modified":"2019-02-25T20:33:06","modified_gmt":"2019-02-25T20:33:06","slug":"qui-sommes-nous","status":"publish","type":"page","link":"https:\/\/www.jffabrics.com\/fr\/qui-sommes-nous\/","title":{"rendered":"Qui sommes-nous ?"},"content":{"rendered":"\t\t<div data-elementor-type=\"wp-post\" data-elementor-id=\"64640\" class=\"elementor elementor-64640 elementor-325 elementor-bc-flex-widget\" data-elementor-post-type=\"page\">\n\t\t\t\t\t\t<section class=\"elementor-section elementor-top-section elementor-element elementor-element-8fe7c7e hero-spacing elementor-section-boxed elementor-section-height-default elementor-section-height-default\" data-id=\"8fe7c7e\" data-element_type=\"section\" data-e-type=\"section\">\n\t\t\t\t\t\t<div class=\"elementor-container elementor-column-gap-default\">\n\t\t\t\t\t<div class=\"elementor-column elementor-col-100 elementor-top-column elementor-element elementor-element-641d095 elementor-invisible\" data-id=\"641d095\" data-element_type=\"column\" data-e-type=\"column\" data-settings=\"{&quot;animation&quot;:&quot;fadeIn&quot;}\">\n\t\t\t<div class=\"elementor-widget-wrap elementor-element-populated\">\n\t\t\t\t\t\t<div class=\"elementor-element elementor-element-bbd6bc5 hero-border elementor-widget elementor-widget-image\" data-id=\"bbd6bc5\" data-element_type=\"widget\" data-e-type=\"widget\" data-widget_type=\"image.default\">\n\t\t\t\t<div class=\"elementor-widget-container\">\n\t\t\t\t\t\t\t\t\t\t\t\t\t\t\t<img fetchpriority=\"high\" decoding=\"async\" width=\"1260\" height=\"650\" src=\"https:\/\/www.jffabrics.com\/wp-content\/uploads\/2019\/01\/JFFabricsFE_AboutUs_hero.jpg\" class=\"attachment-full size-full wp-image-64558\" alt=\"About us hero image\" srcset=\"https:\/\/www.jffabrics.com\/wp-content\/uploads\/2019\/01\/JFFabricsFE_AboutUs_hero.jpg 1260w, https:\/\/www.jffabrics.com\/wp-content\/uploads\/2019\/01\/JFFabricsFE_AboutUs_hero-300x155.jpg 300w, https:\/\/www.jffabrics.com\/wp-content\/uploads\/2019\/01\/JFFabricsFE_AboutUs_hero-768x396.jpg 768w, https:\/\/www.jffabrics.com\/wp-content\/uploads\/2019\/01\/JFFabricsFE_AboutUs_hero-1024x528.jpg 1024w, https:\/\/www.jffabrics.com\/wp-content\/uploads\/2019\/01\/JFFabricsFE_AboutUs_hero-850x438.jpg 850w, https:\/\/www.jffabrics.com\/wp-content\/uploads\/2019\/01\/JFFabricsFE_AboutUs_hero-650x335.jpg 650w, https:\/\/www.jffabrics.com\/wp-content\/uploads\/2019\/01\/JFFabricsFE_AboutUs_hero-116x60.jpg 116w\" sizes=\"(max-width: 1260px) 100vw, 1260px\" \/>\t\t\t\t\t\t\t\t\t\t\t\t\t\t\t<\/div>\n\t\t\t\t<\/div>\n\t\t\t\t\t<\/div>\n\t\t<\/div>\n\t\t\t\t\t<\/div>\n\t\t<\/section>\n\t\t\t\t<section class=\"elementor-section elementor-top-section elementor-element elementor-element-88738a0 elementor-section-boxed elementor-section-height-default elementor-section-height-default\" data-id=\"88738a0\" data-element_type=\"section\" data-e-type=\"section\">\n\t\t\t\t\t\t<div class=\"elementor-container elementor-column-gap-default\">\n\t\t\t\t\t<div class=\"elementor-column elementor-col-100 elementor-top-column elementor-element elementor-element-2665cab aos-type-fade aos-once-true\" data-id=\"2665cab\" data-element_type=\"column\" data-e-type=\"column\">\n\t\t\t<div class=\"elementor-widget-wrap elementor-element-populated\">\n\t\t\t\t\t\t<div class=\"elementor-element elementor-element-49e2a61 elementor-widget elementor-widget-text-editor\" data-id=\"49e2a61\" data-element_type=\"widget\" data-e-type=\"widget\" data-widget_type=\"text-editor.default\">\n\t\t\t\t<div class=\"elementor-widget-container\">\n\t\t\t\t\t\t\t\t\t<h1 class=\"dot-wrap\">\u00c0 propos de JF Fabrics<\/h1>\n\t\t\t\t\t\t\t\t<\/div>\n\t\t\t\t<\/div>\n\t\t\t\t\t<\/div>\n\t\t<\/div>\n\t\t\t\t\t<\/div>\n\t\t<\/section>\n\t\t\t\t<section class=\"elementor-section elementor-top-section elementor-element elementor-element-09148b0 elementor-section-boxed elementor-section-height-default elementor-section-height-default\" data-id=\"09148b0\" data-element_type=\"section\" data-e-type=\"section\">\n\t\t\t\t\t\t<div class=\"elementor-container elementor-column-gap-default\">\n\t\t\t\t\t<div class=\"elementor-column elementor-col-16 elementor-top-column elementor-element elementor-element-5d1b62e\" data-id=\"5d1b62e\" data-element_type=\"column\" data-e-type=\"column\">\n\t\t\t<div class=\"elementor-widget-wrap\">\n\t\t\t\t\t\t\t<\/div>\n\t\t<\/div>\n\t\t\t\t<div class=\"elementor-column elementor-col-66 elementor-top-column elementor-element elementor-element-3447e64 pad-mobile aos-type-fade aos-once-true\" data-id=\"3447e64\" data-element_type=\"column\" data-e-type=\"column\">\n\t\t\t<div class=\"elementor-widget-wrap elementor-element-populated\">\n\t\t\t\t\t\t<div class=\"elementor-element elementor-element-361a1fc elementor-widget elementor-widget-text-editor\" data-id=\"361a1fc\" data-element_type=\"widget\" data-e-type=\"widget\" data-widget_type=\"text-editor.default\">\n\t\t\t\t<div class=\"elementor-widget-container\">\n\t\t\t\t\t\t\t\t\t<p>JF Fabrics est un distributeur grossiste de tissus d\u2019ameublement pour l\u2019industrie de l\u2019hospitalit\u00e9, de papier peint, de quincaillerie et accessoires pour draperies, de tapis et glands d\u00e9coratifs, de rubans et passementeries, pour le r\u00e9sidentiel et le contrat. Nos produits sont vari\u00e9s en forme et en fonction, pr\u00e9sentant des motifs complexes dans une large gamme de couleurs et fournissant plus de possibilit\u00e9s de design pour les int\u00e9rieurs. De plus, nous mettons tout en \u0153uvre pour que nos produits soient \u00ab\u00a0Toujours en stock\u00a0\u00bb et proposons une \u00ab\u00a0Exp\u00e9dition le jour m\u00eame\u00a0\u00bb pour toutes les commandes.<\/p>\n\t\t\t\t\t\t\t\t<\/div>\n\t\t\t\t<\/div>\n\t\t\t\t\t<\/div>\n\t\t<\/div>\n\t\t\t\t<div class=\"elementor-column elementor-col-16 elementor-top-column elementor-element elementor-element-c71565d\" data-id=\"c71565d\" data-element_type=\"column\" data-e-type=\"column\">\n\t\t\t<div class=\"elementor-widget-wrap\">\n\t\t\t\t\t\t\t<\/div>\n\t\t<\/div>\n\t\t\t\t\t<\/div>\n\t\t<\/section>\n\t\t\t\t<section class=\"elementor-section elementor-top-section elementor-element elementor-element-e1d6a41 aos-type-fade aos-once-true elementor-section-boxed elementor-section-height-default elementor-section-height-default\" data-id=\"e1d6a41\" data-element_type=\"section\" data-e-type=\"section\">\n\t\t\t\t\t\t<div class=\"elementor-container elementor-column-gap-default\">\n\t\t\t\t\t<div class=\"elementor-column elementor-col-33 elementor-top-column elementor-element elementor-element-f0e6e93\" data-id=\"f0e6e93\" data-element_type=\"column\" data-e-type=\"column\">\n\t\t\t<div class=\"elementor-widget-wrap\">\n\t\t\t\t\t\t\t<\/div>\n\t\t<\/div>\n\t\t\t\t<div class=\"elementor-column elementor-col-33 elementor-top-column elementor-element elementor-element-407c46d\" data-id=\"407c46d\" data-element_type=\"column\" data-e-type=\"column\">\n\t\t\t<div class=\"elementor-widget-wrap elementor-element-populated\">\n\t\t\t\t\t\t<section class=\"elementor-section elementor-inner-section elementor-element elementor-element-5e25022 button-lines elementor-section-boxed elementor-section-height-default elementor-section-height-default\" data-id=\"5e25022\" data-element_type=\"section\" data-e-type=\"section\">\n\t\t\t\t\t\t<div class=\"elementor-container elementor-column-gap-default\">\n\t\t\t\t\t<div class=\"elementor-column elementor-col-100 elementor-inner-column elementor-element elementor-element-3687b91\" data-id=\"3687b91\" data-element_type=\"column\" data-e-type=\"column\">\n\t\t\t<div class=\"elementor-widget-wrap elementor-element-populated\">\n\t\t\t\t\t\t<div class=\"elementor-element elementor-element-f8e3476 cta-text elementor-widget elementor-widget-text-editor\" data-id=\"f8e3476\" data-element_type=\"widget\" data-e-type=\"widget\" data-widget_type=\"text-editor.default\">\n\t\t\t\t<div class=\"elementor-widget-container\">\n\t\t\t\t\t\t\t\t\t<p><a href=\"https:\/\/www.jffabrics.com\/fr\/our-values\">Apprenez-en plus sur les valeurs de notre compagnie<\/a><\/p>\n\t\t\t\t\t\t\t\t<\/div>\n\t\t\t\t<\/div>\n\t\t\t\t\t<\/div>\n\t\t<\/div>\n\t\t\t\t\t<\/div>\n\t\t<\/section>\n\t\t\t\t\t<\/div>\n\t\t<\/div>\n\t\t\t\t<div class=\"elementor-column elementor-col-33 elementor-top-column elementor-element elementor-element-aa6b063\" data-id=\"aa6b063\" data-element_type=\"column\" data-e-type=\"column\">\n\t\t\t<div class=\"elementor-widget-wrap\">\n\t\t\t\t\t\t\t<\/div>\n\t\t<\/div>\n\t\t\t\t\t<\/div>\n\t\t<\/section>\n\t\t\t\t<section class=\"elementor-section elementor-top-section elementor-element elementor-element-1d36d56 elementor-section-boxed elementor-section-height-default elementor-section-height-default\" data-id=\"1d36d56\" data-element_type=\"section\" data-e-type=\"section\">\n\t\t\t\t\t\t<div class=\"elementor-container elementor-column-gap-default\">\n\t\t\t\t\t<div class=\"elementor-column elementor-col-16 elementor-top-column elementor-element elementor-element-e6db0c7\" data-id=\"e6db0c7\" data-element_type=\"column\" data-e-type=\"column\">\n\t\t\t<div class=\"elementor-widget-wrap\">\n\t\t\t\t\t\t\t<\/div>\n\t\t<\/div>\n\t\t\t\t<div class=\"elementor-column elementor-col-66 elementor-top-column elementor-element elementor-element-51232a3 pad-mobile aos-type-fade aos-once-true\" data-id=\"51232a3\" data-element_type=\"column\" data-e-type=\"column\">\n\t\t\t<div class=\"elementor-widget-wrap elementor-element-populated\">\n\t\t\t\t\t\t<div class=\"elementor-element elementor-element-a3fff35 elementor-widget elementor-widget-text-editor\" data-id=\"a3fff35\" data-element_type=\"widget\" data-e-type=\"widget\" data-widget_type=\"text-editor.default\">\n\t\t\t\t<div class=\"elementor-widget-container\">\n\t\t\t\t\t\t\t\t\t<p>JF est une entreprise textile familiale, fond\u00e9e en 1977 par Bernie Hovesen. Aujourd\u2019hui, ce sont les deux filles de Bernie, Shelley et Kim, qui dirigent l&rsquo;entreprise avec une grande passion pour le design. L\u2019amour des textiles et du design a conduit Shelley autour du monde afin d\u2019apporter une esth\u00e9tique mondiale \u00e0 plus de 20 000 clients en Am\u00e9rique du Nord. De son c\u00f4t\u00e9, Kim a modernis\u00e9 et uniformis\u00e9 le cadre commercial et le syst\u00e8me logistique qui permet \u00e0 l&rsquo;entreprise de proposer \u00e0 ses clients un taux de disponibilit\u00e9 de produits de 97% avec exp\u00e9dition le jour m\u00eame sur toute leur belle et riche ligne de produits. En gardant toujours \u00e0 l\u2019esprit d\u2019aider les designers \u00e0 r\u00e9aliser leurs projets complexes avec des \u00e9ch\u00e9ances serr\u00e9es, JF a \u00e9t\u00e9 fond\u00e9e sur les principes du Service \u00e0 la client\u00e8le et de l\u2019Exp\u00e9dition le jour m\u00eame.<\/p>\n\t\t\t\t\t\t\t\t<\/div>\n\t\t\t\t<\/div>\n\t\t\t\t\t<\/div>\n\t\t<\/div>\n\t\t\t\t<div class=\"elementor-column elementor-col-16 elementor-top-column elementor-element elementor-element-23caeb5\" data-id=\"23caeb5\" data-element_type=\"column\" data-e-type=\"column\">\n\t\t\t<div class=\"elementor-widget-wrap\">\n\t\t\t\t\t\t\t<\/div>\n\t\t<\/div>\n\t\t\t\t\t<\/div>\n\t\t<\/section>\n\t\t\t\t<section class=\"elementor-section elementor-top-section elementor-element elementor-element-100d1f2 elementor-section-boxed elementor-section-height-default elementor-section-height-default\" data-id=\"100d1f2\" data-element_type=\"section\" data-e-type=\"section\">\n\t\t\t\t\t\t<div class=\"elementor-container elementor-column-gap-default\">\n\t\t\t\t\t<div class=\"elementor-column elementor-col-100 elementor-top-column elementor-element elementor-element-f321761 aos-type-fade aos-once-true\" data-id=\"f321761\" data-element_type=\"column\" data-e-type=\"column\">\n\t\t\t<div class=\"elementor-widget-wrap elementor-element-populated\">\n\t\t\t\t\t\t<div class=\"elementor-element elementor-element-c7e6c9e elementor-widget elementor-widget-recentposts\" data-id=\"c7e6c9e\" data-element_type=\"widget\" data-e-type=\"widget\" data-widget_type=\"recentposts.default\">\n\t\t\t\t<div class=\"elementor-widget-container\">\n\t\t\t\t\t                <div class=\"related-post-heading\">\n                    <h2>Sur notre blogue<\/h2>\n                    <a href=\"https:\/\/www.jffabrics.com\/fr\/articles\/\">\n                        Voir tous les articles \u203a                    <\/a>\n                <\/div>\n                    \n            <div class=\"row lumosnox-related-posts\">\n        \n            <!-- Template part for related posts on single-post pages -->\n<div class=\"related-post columns small-12 medium-4\" >\n\t<img decoding=\"async\" width=\"400\" height=\"400\" src=\"https:\/\/www.jffabrics.com\/wp-content\/uploads\/2021\/06\/JFFabricsFE_Blog-Post2_Hero-400x400.jpeg\" class=\"attachment-medium-ln size-medium-ln wp-post-image\" alt=\"\" srcset=\"https:\/\/www.jffabrics.com\/wp-content\/uploads\/2021\/06\/JFFabricsFE_Blog-Post2_Hero-400x400.jpeg 400w, https:\/\/www.jffabrics.com\/wp-content\/uploads\/2021\/06\/JFFabricsFE_Blog-Post2_Hero-300x300.jpeg 300w, https:\/\/www.jffabrics.com\/wp-content\/uploads\/2021\/06\/JFFabricsFE_Blog-Post2_Hero-150x150.jpeg 150w, https:\/\/www.jffabrics.com\/wp-content\/uploads\/2021\/06\/JFFabricsFE_Blog-Post2_Hero-250x250.jpeg 250w, https:\/\/www.jffabrics.com\/wp-content\/uploads\/2021\/06\/JFFabricsFE_Blog-Post2_Hero-350x350.jpeg 350w, https:\/\/www.jffabrics.com\/wp-content\/uploads\/2021\/06\/JFFabricsFE_Blog-Post2_Hero-200x200.jpeg 200w, https:\/\/www.jffabrics.com\/wp-content\/uploads\/2021\/06\/JFFabricsFE_Blog-Post2_Hero-650x650.jpeg 650w, https:\/\/www.jffabrics.com\/wp-content\/uploads\/2021\/06\/JFFabricsFE_Blog-Post2_Hero-60x60.jpeg 60w, https:\/\/www.jffabrics.com\/wp-content\/uploads\/2021\/06\/JFFabricsFE_Blog-Post2_Hero.jpeg 670w\" sizes=\"(max-width: 400px) 100vw, 400px\" \/>\t<div class=\"post-content\">\n\t\t<h3><a href=\"https:\/\/www.jffabrics.com\/fr\/dissiper-les-mythes-de-labrasion-textile-au-dela-des-doubles-frottements\/\" rel=\"bookmark\" title=\"Dissiper les mythes de l\u2019abrasion textile : au-del\u00e0 des doubles frottements\">Dissiper les mythes de l\u2019abrasion textile : au-del\u00e0 des doubles frottements<\/a><\/h3>\n\t<\/div>\n<\/div>        \n            <\/div>\n                \n          \t\t\t\t<\/div>\n\t\t\t\t<\/div>\n\t\t\t\t\t<\/div>\n\t\t<\/div>\n\t\t\t\t\t<\/div>\n\t\t<\/section>\n\t\t\t\t<\/div>\n\t\t","protected":false},"excerpt":{"rendered":"<p>\u00c0 propos de JF Fabrics JF Fabrics est un distributeur grossiste de tissus d\u2019ameublement pour l\u2019industrie de l\u2019hospitalit\u00e9, de papier&#8230; <a class=\"excerpt-read-more\" href=\"https:\/\/www.jffabrics.com\/fr\/dissiper-les-mythes-de-labrasion-textile-au-dela-des-doubles-frottements\/\" title=\"LuDissiper les mythes de l\u2019abrasion textile : au-del\u00e0 des doubles frottements\">En lire plus<\/a><\/p>\n","protected":false},"author":2,"featured_media":652,"parent":0,"menu_order":0,"comment_status":"closed","ping_status":"closed","template":"template-blank-elementor.php","meta":{"_acf_changed":false,"footnotes":""},"class_list":["post-64640","page","type-page","status-publish","has-post-thumbnail","hentry"],"acf":[],"yoast_head":"<!-- This site is optimized with the Yoast SEO plugin v27.2 - https:\/\/yoast.com\/product\/yoast-seo-wordpress\/ -->\n<title>Qui sommes-nous ? - JF Fabrics<\/title>\n<meta name=\"robots\" content=\"index, follow, max-snippet:-1, max-image-preview:large, max-video-preview:-1\" \/>\n<link rel=\"canonical\" href=\"https:\/\/www.jffabrics.com\/fr\/qui-sommes-nous\/\" \/>\n<meta property=\"og:locale\" content=\"fr_FR\" \/>\n<meta property=\"og:type\" content=\"article\" \/>\n<meta property=\"og:title\" content=\"Qui sommes-nous ? - JF Fabrics\" \/>\n<meta property=\"og:description\" content=\"\u00c0 propos de JF Fabrics JF Fabrics est un distributeur grossiste de tissus d\u2019ameublement pour l\u2019industrie de l\u2019hospitalit\u00e9, de papier... En lire plus\" \/>\n<meta property=\"og:url\" content=\"https:\/\/www.jffabrics.com\/fr\/qui-sommes-nous\/\" \/>\n<meta property=\"og:site_name\" content=\"JF Fabrics\" \/>\n<meta property=\"article:modified_time\" content=\"2019-02-25T20:33:06+00:00\" \/>\n<meta property=\"og:image\" content=\"https:\/\/www.jffabrics.com\/wp-content\/uploads\/2018\/08\/jf-cta-photo5.jpg\" \/>\n\t<meta property=\"og:image:width\" content=\"400\" \/>\n\t<meta property=\"og:image:height\" content=\"290\" \/>\n\t<meta property=\"og:image:type\" content=\"image\/jpeg\" \/>\n<meta name=\"twitter:card\" content=\"summary_large_image\" \/>\n<meta name=\"twitter:label1\" content=\"Dur\u00e9e de lecture estim\u00e9e\" \/>\n\t<meta name=\"twitter:data1\" content=\"1 minute\" \/>\n<script type=\"application\/ld+json\" class=\"yoast-schema-graph\">{\"@context\":\"https:\/\/schema.org\",\"@graph\":[{\"@type\":\"WebPage\",\"@id\":\"https:\/\/www.jffabrics.com\/fr\/qui-sommes-nous\/\",\"url\":\"https:\/\/www.jffabrics.com\/fr\/qui-sommes-nous\/\",\"name\":\"Qui sommes-nous ? - JF Fabrics\",\"isPartOf\":{\"@id\":\"https:\/\/www.jffabrics.com\/fr\/#website\"},\"primaryImageOfPage\":{\"@id\":\"https:\/\/www.jffabrics.com\/fr\/qui-sommes-nous\/#primaryimage\"},\"image\":{\"@id\":\"https:\/\/www.jffabrics.com\/fr\/qui-sommes-nous\/#primaryimage\"},\"thumbnailUrl\":\"https:\/\/www.jffabrics.com\/wp-content\/uploads\/2018\/08\/jf-cta-photo5.jpg\",\"datePublished\":\"2018-08-03T18:49:00+00:00\",\"dateModified\":\"2019-02-25T20:33:06+00:00\",\"breadcrumb\":{\"@id\":\"https:\/\/www.jffabrics.com\/fr\/qui-sommes-nous\/#breadcrumb\"},\"inLanguage\":\"fr-FR\",\"potentialAction\":[{\"@type\":\"ReadAction\",\"target\":[\"https:\/\/www.jffabrics.com\/fr\/qui-sommes-nous\/\"]}]},{\"@type\":\"ImageObject\",\"inLanguage\":\"fr-FR\",\"@id\":\"https:\/\/www.jffabrics.com\/fr\/qui-sommes-nous\/#primaryimage\",\"url\":\"https:\/\/www.jffabrics.com\/wp-content\/uploads\/2018\/08\/jf-cta-photo5.jpg\",\"contentUrl\":\"https:\/\/www.jffabrics.com\/wp-content\/uploads\/2018\/08\/jf-cta-photo5.jpg\",\"width\":400,\"height\":290},{\"@type\":\"BreadcrumbList\",\"@id\":\"https:\/\/www.jffabrics.com\/fr\/qui-sommes-nous\/#breadcrumb\",\"itemListElement\":[{\"@type\":\"ListItem\",\"position\":1,\"name\":\"Home\",\"item\":\"https:\/\/www.jffabrics.com\/fr\/\"},{\"@type\":\"ListItem\",\"position\":2,\"name\":\"Qui sommes-nous ?\"}]},{\"@type\":\"WebSite\",\"@id\":\"https:\/\/www.jffabrics.com\/fr\/#website\",\"url\":\"https:\/\/www.jffabrics.com\/fr\/\",\"name\":\"JF Fabrics\",\"description\":\"Cr\u00e9ativit\u00e9 sur demande\",\"publisher\":{\"@id\":\"https:\/\/www.jffabrics.com\/fr\/#organization\"},\"potentialAction\":[{\"@type\":\"SearchAction\",\"target\":{\"@type\":\"EntryPoint\",\"urlTemplate\":\"https:\/\/www.jffabrics.com\/fr\/?s={search_term_string}\"},\"query-input\":{\"@type\":\"PropertyValueSpecification\",\"valueRequired\":true,\"valueName\":\"search_term_string\"}}],\"inLanguage\":\"fr-FR\"},{\"@type\":\"Organization\",\"@id\":\"https:\/\/www.jffabrics.com\/fr\/#organization\",\"name\":\"JF Fabrics\",\"url\":\"https:\/\/www.jffabrics.com\/fr\/\",\"logo\":{\"@type\":\"ImageObject\",\"inLanguage\":\"fr-FR\",\"@id\":\"https:\/\/www.jffabrics.com\/fr\/#\/schema\/logo\/image\/\",\"url\":\"https:\/\/www.jffabrics.com\/wp-content\/uploads\/2018\/07\/jf-logo-black.svg\",\"contentUrl\":\"https:\/\/www.jffabrics.com\/wp-content\/uploads\/2018\/07\/jf-logo-black.svg\",\"caption\":\"JF Fabrics\"},\"image\":{\"@id\":\"https:\/\/www.jffabrics.com\/fr\/#\/schema\/logo\/image\/\"}}]}<\/script>\n<!-- \/ Yoast SEO plugin. -->","yoast_head_json":{"title":"Qui sommes-nous ? - JF Fabrics","robots":{"index":"index","follow":"follow","max-snippet":"max-snippet:-1","max-image-preview":"max-image-preview:large","max-video-preview":"max-video-preview:-1"},"canonical":"https:\/\/www.jffabrics.com\/fr\/qui-sommes-nous\/","og_locale":"fr_FR","og_type":"article","og_title":"Qui sommes-nous ? - JF Fabrics","og_description":"\u00c0 propos de JF Fabrics JF Fabrics est un distributeur grossiste de tissus d\u2019ameublement pour l\u2019industrie de l\u2019hospitalit\u00e9, de papier... En lire plus","og_url":"https:\/\/www.jffabrics.com\/fr\/qui-sommes-nous\/","og_site_name":"JF Fabrics","article_modified_time":"2019-02-25T20:33:06+00:00","og_image":[{"width":400,"height":290,"url":"https:\/\/www.jffabrics.com\/wp-content\/uploads\/2018\/08\/jf-cta-photo5.jpg","type":"image\/jpeg"}],"twitter_card":"summary_large_image","twitter_misc":{"Dur\u00e9e de lecture estim\u00e9e":"1 minute"},"schema":{"@context":"https:\/\/schema.org","@graph":[{"@type":"WebPage","@id":"https:\/\/www.jffabrics.com\/fr\/qui-sommes-nous\/","url":"https:\/\/www.jffabrics.com\/fr\/qui-sommes-nous\/","name":"Qui sommes-nous ? - JF Fabrics","isPartOf":{"@id":"https:\/\/www.jffabrics.com\/fr\/#website"},"primaryImageOfPage":{"@id":"https:\/\/www.jffabrics.com\/fr\/qui-sommes-nous\/#primaryimage"},"image":{"@id":"https:\/\/www.jffabrics.com\/fr\/qui-sommes-nous\/#primaryimage"},"thumbnailUrl":"https:\/\/www.jffabrics.com\/wp-content\/uploads\/2018\/08\/jf-cta-photo5.jpg","datePublished":"2018-08-03T18:49:00+00:00","dateModified":"2019-02-25T20:33:06+00:00","breadcrumb":{"@id":"https:\/\/www.jffabrics.com\/fr\/qui-sommes-nous\/#breadcrumb"},"inLanguage":"fr-FR","potentialAction":[{"@type":"ReadAction","target":["https:\/\/www.jffabrics.com\/fr\/qui-sommes-nous\/"]}]},{"@type":"ImageObject","inLanguage":"fr-FR","@id":"https:\/\/www.jffabrics.com\/fr\/qui-sommes-nous\/#primaryimage","url":"https:\/\/www.jffabrics.com\/wp-content\/uploads\/2018\/08\/jf-cta-photo5.jpg","contentUrl":"https:\/\/www.jffabrics.com\/wp-content\/uploads\/2018\/08\/jf-cta-photo5.jpg","width":400,"height":290},{"@type":"BreadcrumbList","@id":"https:\/\/www.jffabrics.com\/fr\/qui-sommes-nous\/#breadcrumb","itemListElement":[{"@type":"ListItem","position":1,"name":"Home","item":"https:\/\/www.jffabrics.com\/fr\/"},{"@type":"ListItem","position":2,"name":"Qui sommes-nous ?"}]},{"@type":"WebSite","@id":"https:\/\/www.jffabrics.com\/fr\/#website","url":"https:\/\/www.jffabrics.com\/fr\/","name":"JF Fabrics","description":"Cr\u00e9ativit\u00e9 sur demande","publisher":{"@id":"https:\/\/www.jffabrics.com\/fr\/#organization"},"potentialAction":[{"@type":"SearchAction","target":{"@type":"EntryPoint","urlTemplate":"https:\/\/www.jffabrics.com\/fr\/?s={search_term_string}"},"query-input":{"@type":"PropertyValueSpecification","valueRequired":true,"valueName":"search_term_string"}}],"inLanguage":"fr-FR"},{"@type":"Organization","@id":"https:\/\/www.jffabrics.com\/fr\/#organization","name":"JF Fabrics","url":"https:\/\/www.jffabrics.com\/fr\/","logo":{"@type":"ImageObject","inLanguage":"fr-FR","@id":"https:\/\/www.jffabrics.com\/fr\/#\/schema\/logo\/image\/","url":"https:\/\/www.jffabrics.com\/wp-content\/uploads\/2018\/07\/jf-logo-black.svg","contentUrl":"https:\/\/www.jffabrics.com\/wp-content\/uploads\/2018\/07\/jf-logo-black.svg","caption":"JF Fabrics"},"image":{"@id":"https:\/\/www.jffabrics.com\/fr\/#\/schema\/logo\/image\/"}}]}},"_links":{"self":[{"href":"https:\/\/www.jffabrics.com\/fr\/wp-json\/wp\/v2\/pages\/64640","targetHints":{"allow":["GET"]}}],"collection":[{"href":"https:\/\/www.jffabrics.com\/fr\/wp-json\/wp\/v2\/pages"}],"about":[{"href":"https:\/\/www.jffabrics.com\/fr\/wp-json\/wp\/v2\/types\/page"}],"author":[{"embeddable":true,"href":"https:\/\/www.jffabrics.com\/fr\/wp-json\/wp\/v2\/users\/2"}],"replies":[{"embeddable":true,"href":"https:\/\/www.jffabrics.com\/fr\/wp-json\/wp\/v2\/comments?post=64640"}],"version-history":[{"count":0,"href":"https:\/\/www.jffabrics.com\/fr\/wp-json\/wp\/v2\/pages\/64640\/revisions"}],"wp:featuredmedia":[{"embeddable":true,"href":"https:\/\/www.jffabrics.com\/fr\/wp-json\/wp\/v2\/media\/652"}],"wp:attachment":[{"href":"https:\/\/www.jffabrics.com\/fr\/wp-json\/wp\/v2\/media?parent=64640"}],"curies":[{"name":"wp","href":"https:\/\/api.w.org\/{rel}","templated":true}]}}