{"id":108125,"date":"2021-11-12T21:05:57","date_gmt":"2021-11-12T21:05:57","guid":{"rendered":"https:\/\/www.jffabrics.com\/how-to-videos\/"},"modified":"2022-07-06T20:30:05","modified_gmt":"2022-07-06T20:30:05","slug":"videos-pratiques","status":"publish","type":"page","link":"https:\/\/www.jffabrics.com\/fr\/videos-pratiques\/","title":{"rendered":"Vid\u00e9os pratiques"},"content":{"rendered":"\t\t<div data-elementor-type=\"wp-page\" data-elementor-id=\"108125\" class=\"elementor elementor-108125 elementor-104539\" data-elementor-post-type=\"page\">\n\t\t\t\t\t\t<section class=\"elementor-section elementor-top-section elementor-element elementor-element-af9323a elementor-section-boxed elementor-section-height-default elementor-section-height-default\" data-id=\"af9323a\" data-element_type=\"section\" data-e-type=\"section\">\n\t\t\t\t\t\t<div class=\"elementor-container elementor-column-gap-default\">\n\t\t\t\t\t<div class=\"elementor-column elementor-col-100 elementor-top-column elementor-element elementor-element-cf36b23\" data-id=\"cf36b23\" data-element_type=\"column\" data-e-type=\"column\">\n\t\t\t<div class=\"elementor-widget-wrap elementor-element-populated\">\n\t\t\t\t\t\t<div class=\"elementor-element elementor-element-c4c8cd4 elementor-widget elementor-widget-heading\" data-id=\"c4c8cd4\" data-element_type=\"widget\" data-e-type=\"widget\" data-widget_type=\"heading.default\">\n\t\t\t\t<div class=\"elementor-widget-container\">\n\t\t\t\t\t<h1 class=\"elementor-heading-title elementor-size-default\">Vid\u00e9os explicatives<\/h1>\t\t\t\t<\/div>\n\t\t\t\t<\/div>\n\t\t\t\t\t<\/div>\n\t\t<\/div>\n\t\t\t\t\t<\/div>\n\t\t<\/section>\n\t\t\t\t<section class=\"elementor-section elementor-top-section elementor-element elementor-element-01e84a1 elementor-section-boxed elementor-section-height-default elementor-section-height-default\" data-id=\"01e84a1\" data-element_type=\"section\" data-e-type=\"section\">\n\t\t\t\t\t\t<div class=\"elementor-container elementor-column-gap-default\">\n\t\t\t\t\t<div class=\"elementor-column elementor-col-100 elementor-top-column elementor-element elementor-element-1759c3a\" data-id=\"1759c3a\" data-element_type=\"column\" data-e-type=\"column\">\n\t\t\t<div class=\"elementor-widget-wrap elementor-element-populated\">\n\t\t\t\t\t\t<div class=\"elementor-element elementor-element-83c1972 e-tabs-view-vertical elementor-layout-end elementor-widget elementor-widget-video-playlist\" data-id=\"83c1972\" data-element_type=\"widget\" data-e-type=\"widget\" data-settings=\"{&quot;playlist_title&quot;:&quot;Vid\\u00e9os explicatives&quot;,&quot;tabs&quot;:[{&quot;title&quot;:&quot;myJF Comment Ajouter des Utilisateurs&quot;,&quot;youtube_url&quot;:&quot;https:\\\/\\\/www.youtube.com\\\/watch?v=pR5scADfUSM&quot;,&quot;duration&quot;:&quot;0:45&quot;,&quot;thumbnail&quot;:{&quot;url&quot;:&quot;http:\\\/\\\/img.youtube.com\\\/vi\\\/XHOmBV4js_E\\\/maxresdefault.jpg&quot;,&quot;id&quot;:&quot;&quot;,&quot;size&quot;:&quot;&quot;},&quot;_id&quot;:&quot;1d7c671&quot;,&quot;vimeo_url&quot;:null,&quot;index&quot;:0,&quot;type&quot;:&quot;youtube&quot;,&quot;is_external_url&quot;:null,&quot;hosted_url&quot;:null,&quot;external_url&quot;:null,&quot;section_html_tag&quot;:null,&quot;video_html_tag&quot;:&quot;h4&quot;,&quot;inner_tab_is_content_visible&quot;:&quot;&quot;,&quot;inner_tab_content_1&quot;:null,&quot;inner_tab_content_2&quot;:null},{&quot;title&quot;:&quot;myJF Comment s&#039;enregistrer&quot;,&quot;youtube_url&quot;:&quot;https:\\\/\\\/www.youtube.com\\\/watch?v=8sojNJdb06Q&quot;,&quot;duration&quot;:&quot;0:16&quot;,&quot;thumbnail&quot;:{&quot;url&quot;:&quot;http:\\\/\\\/img.youtube.com\\\/vi\\\/XHOmBV4js_E\\\/maxresdefault.jpg&quot;,&quot;id&quot;:&quot;&quot;,&quot;size&quot;:&quot;&quot;},&quot;vimeo_url&quot;:null,&quot;_id&quot;:&quot;efda20e&quot;,&quot;index&quot;:1,&quot;type&quot;:&quot;youtube&quot;,&quot;is_external_url&quot;:null,&quot;hosted_url&quot;:null,&quot;external_url&quot;:null,&quot;section_html_tag&quot;:null,&quot;video_html_tag&quot;:&quot;h4&quot;,&quot;inner_tab_is_content_visible&quot;:&quot;&quot;,&quot;inner_tab_content_1&quot;:null,&quot;inner_tab_content_2&quot;:null},{&quot;title&quot;:&quot;myJF Comment passer une commande&quot;,&quot;youtube_url&quot;:&quot;https:\\\/\\\/www.youtube.com\\\/watch?v=1Y3dwWy4uiI&quot;,&quot;duration&quot;:&quot;1:34&quot;,&quot;thumbnail&quot;:{&quot;url&quot;:&quot;http:\\\/\\\/img.youtube.com\\\/vi\\\/XHOmBV4js_E\\\/maxresdefault.jpg&quot;,&quot;id&quot;:&quot;&quot;,&quot;size&quot;:&quot;&quot;},&quot;vimeo_url&quot;:null,&quot;_id&quot;:&quot;ad5044d&quot;,&quot;index&quot;:2,&quot;type&quot;:&quot;youtube&quot;,&quot;is_external_url&quot;:null,&quot;hosted_url&quot;:null,&quot;external_url&quot;:null,&quot;section_html_tag&quot;:null,&quot;video_html_tag&quot;:&quot;h4&quot;,&quot;inner_tab_is_content_visible&quot;:&quot;&quot;,&quot;inner_tab_content_1&quot;:null,&quot;inner_tab_content_2&quot;:null},{&quot;title&quot;:&quot;myJF Comment commander des m\\u00e9mos&quot;,&quot;youtube_url&quot;:&quot;https:\\\/\\\/www.youtube.com\\\/watch?v=9oO0FsJJito&quot;,&quot;duration&quot;:&quot;0:39&quot;,&quot;thumbnail&quot;:{&quot;url&quot;:&quot;http:\\\/\\\/img.youtube.com\\\/vi\\\/XHOmBV4js_E\\\/maxresdefault.jpg&quot;,&quot;id&quot;:&quot;&quot;,&quot;size&quot;:&quot;&quot;},&quot;vimeo_url&quot;:null,&quot;_id&quot;:&quot;737975b&quot;,&quot;index&quot;:3,&quot;type&quot;:&quot;youtube&quot;,&quot;is_external_url&quot;:null,&quot;hosted_url&quot;:null,&quot;external_url&quot;:null,&quot;section_html_tag&quot;:null,&quot;video_html_tag&quot;:&quot;h4&quot;,&quot;inner_tab_is_content_visible&quot;:&quot;&quot;,&quot;inner_tab_content_1&quot;:null,&quot;inner_tab_content_2&quot;:null},{&quot;title&quot;:&quot;myJF Comment se connecter&quot;,&quot;youtube_url&quot;:&quot;https:\\\/\\\/www.youtube.com\\\/watch?v=qOSm_E3yMEg&quot;,&quot;duration&quot;:&quot;0:17&quot;,&quot;thumbnail&quot;:{&quot;url&quot;:&quot;http:\\\/\\\/img.youtube.com\\\/vi\\\/XHOmBV4js_E\\\/maxresdefault.jpg&quot;,&quot;id&quot;:&quot;&quot;,&quot;size&quot;:&quot;&quot;},&quot;vimeo_url&quot;:null,&quot;_id&quot;:&quot;ee73037&quot;,&quot;index&quot;:4,&quot;type&quot;:&quot;youtube&quot;,&quot;is_external_url&quot;:null,&quot;hosted_url&quot;:null,&quot;external_url&quot;:null,&quot;section_html_tag&quot;:null,&quot;video_html_tag&quot;:&quot;h4&quot;,&quot;inner_tab_is_content_visible&quot;:&quot;&quot;,&quot;inner_tab_content_1&quot;:null,&quot;inner_tab_content_2&quot;:null}],&quot;inner_tab_title_1&quot;:&quot;Tab #1&quot;,&quot;inner_tab_title_2&quot;:&quot;Tab #2&quot;,&quot;show_watched_indication&quot;:&quot;yes&quot;}\" data-widget_type=\"video-playlist.default\">\n\t\t\t\t<div class=\"elementor-widget-container\">\n\t\t\t\t\t\n\t\t<div class=\"e-tabs\" role=\"region\" aria-labelledby=\"e-playlist-83c1972\">\n\t\t\t<div class=\"e-tabs-main-area\">\n\t\t\t\t<div class=\"e-tabs-wrapper\">\n\t\t\t\t\t<div class=\"e-tabs-header\">\n\t\t\t\t\t\t<h2 class=\"e-tabs-title\" id=\"e-playlist-83c1972\">Vid\u00e9os explicatives<\/h2>\n\t\t\t\t\t\t<div class=\"e-tabs-header-right-side\">\n\t\t\t\t\t\t\t\t\t\t\t\t\t\t\t<span class=\"e-tabs-videos-count\">5 Vid\u00e9os<\/span>\n\t\t\t\t\t\t\t\t\t\t\t\t\t\t<i aria-hidden=\"true\" class=\"e-tabs-toggle-videos-display-button rotate-down eicon-caret-down\"><\/i>\t\t\t\t\t\t<\/div>\n\t\t\t\t\t<\/div>\n\t\t\t\t\t<div class=\"e-tabs-items-wrapper\">\n\t\t\t\t\t\t<div class=\"e-tabs-items\" role=\"tablist\">\n\t\t\t\t\t\t\t\t\t\t\t\t\t\t\t\t\t\t\t\t\t\t\t\t<div id=\"e-tab-title-1381\" class=\"e-tab-title e-tab-desktop-title\" aria-selected=\"true\" data-tab=\"1\" role=\"tab\" tabindex=\"0\" aria-controls=\"e-tab-content-1381\">\n\t\t\t\t\t\t\t\t\t\t\t\t\t\t\t\t\t\t\t\t\t<span class=\"icon-play\"><i aria-hidden=\"true\" class=\"fas fa-play-circle\"><\/i><\/span>\n\t\t\t\t\t\t\t\t\t\t\t<span class=\"icon-watched\"><i aria-hidden=\"true\" class=\"fas fa-check-circle\"><\/i><\/span>\n\t\t\t\t\t\t\t\t\t\t\t\t\t\t\t\t\t\t\t\t<h4 class=\"e-tab-title-text\">\n\t\t\t\t\t\t\t\t\t\t\t<button type=\"button\">myJF Comment Ajouter des Utilisateurs<\/button>\n\t\t\t\t\t\t\t\t\t\t<\/h4>\n\t\t\t\t\t\t\t\t\t\t\t\t\t\t\t\t\t\t\t\t\t<span class=\"e-tab-duration\">0:45<\/span>\n\t\t\t\t\t\t\t\t\t\t\t\t\t\t\t\t\t\t\t<\/div>\n\t\t\t\t\t\t\t\t\t\t\t\t\t\t\t\t\t\t\t\t\t\t\t\t\t\t\t\t\t\t\t\t<div id=\"e-tab-title-1382\" class=\"e-tab-title e-tab-desktop-title\" aria-selected=\"false\" data-tab=\"2\" role=\"tab\" tabindex=\"-1\" aria-controls=\"e-tab-content-1382\">\n\t\t\t\t\t\t\t\t\t\t\t\t\t\t\t\t\t\t\t\t\t<span class=\"icon-play\"><i aria-hidden=\"true\" class=\"fas fa-play-circle\"><\/i><\/span>\n\t\t\t\t\t\t\t\t\t\t\t<span class=\"icon-watched\"><i aria-hidden=\"true\" class=\"fas fa-check-circle\"><\/i><\/span>\n\t\t\t\t\t\t\t\t\t\t\t\t\t\t\t\t\t\t\t\t<h4 class=\"e-tab-title-text\">\n\t\t\t\t\t\t\t\t\t\t\t<button type=\"button\">myJF Comment s'enregistrer<\/button>\n\t\t\t\t\t\t\t\t\t\t<\/h4>\n\t\t\t\t\t\t\t\t\t\t\t\t\t\t\t\t\t\t\t\t\t<span class=\"e-tab-duration\">0:16<\/span>\n\t\t\t\t\t\t\t\t\t\t\t\t\t\t\t\t\t\t\t<\/div>\n\t\t\t\t\t\t\t\t\t\t\t\t\t\t\t\t\t\t\t\t\t\t\t\t\t\t\t\t\t\t\t\t<div id=\"e-tab-title-1383\" class=\"e-tab-title e-tab-desktop-title\" aria-selected=\"false\" data-tab=\"3\" role=\"tab\" tabindex=\"-1\" aria-controls=\"e-tab-content-1383\">\n\t\t\t\t\t\t\t\t\t\t\t\t\t\t\t\t\t\t\t\t\t<span class=\"icon-play\"><i aria-hidden=\"true\" class=\"fas fa-play-circle\"><\/i><\/span>\n\t\t\t\t\t\t\t\t\t\t\t<span class=\"icon-watched\"><i aria-hidden=\"true\" class=\"fas fa-check-circle\"><\/i><\/span>\n\t\t\t\t\t\t\t\t\t\t\t\t\t\t\t\t\t\t\t\t<h4 class=\"e-tab-title-text\">\n\t\t\t\t\t\t\t\t\t\t\t<button type=\"button\">myJF Comment passer une commande<\/button>\n\t\t\t\t\t\t\t\t\t\t<\/h4>\n\t\t\t\t\t\t\t\t\t\t\t\t\t\t\t\t\t\t\t\t\t<span class=\"e-tab-duration\">1:34<\/span>\n\t\t\t\t\t\t\t\t\t\t\t\t\t\t\t\t\t\t\t<\/div>\n\t\t\t\t\t\t\t\t\t\t\t\t\t\t\t\t\t\t\t\t\t\t\t\t\t\t\t\t\t\t\t\t<div id=\"e-tab-title-1384\" class=\"e-tab-title e-tab-desktop-title\" aria-selected=\"false\" data-tab=\"4\" role=\"tab\" tabindex=\"-1\" aria-controls=\"e-tab-content-1384\">\n\t\t\t\t\t\t\t\t\t\t\t\t\t\t\t\t\t\t\t\t\t<span class=\"icon-play\"><i aria-hidden=\"true\" class=\"fas fa-play-circle\"><\/i><\/span>\n\t\t\t\t\t\t\t\t\t\t\t<span class=\"icon-watched\"><i aria-hidden=\"true\" class=\"fas fa-check-circle\"><\/i><\/span>\n\t\t\t\t\t\t\t\t\t\t\t\t\t\t\t\t\t\t\t\t<h4 class=\"e-tab-title-text\">\n\t\t\t\t\t\t\t\t\t\t\t<button type=\"button\">myJF Comment commander des m\u00e9mos<\/button>\n\t\t\t\t\t\t\t\t\t\t<\/h4>\n\t\t\t\t\t\t\t\t\t\t\t\t\t\t\t\t\t\t\t\t\t<span class=\"e-tab-duration\">0:39<\/span>\n\t\t\t\t\t\t\t\t\t\t\t\t\t\t\t\t\t\t\t<\/div>\n\t\t\t\t\t\t\t\t\t\t\t\t\t\t\t\t\t\t\t\t\t\t\t\t\t\t\t\t\t\t\t\t<div id=\"e-tab-title-1385\" class=\"e-tab-title e-tab-desktop-title\" aria-selected=\"false\" data-tab=\"5\" role=\"tab\" tabindex=\"-1\" aria-controls=\"e-tab-content-1385\">\n\t\t\t\t\t\t\t\t\t\t\t\t\t\t\t\t\t\t\t\t\t<span class=\"icon-play\"><i aria-hidden=\"true\" class=\"fas fa-play-circle\"><\/i><\/span>\n\t\t\t\t\t\t\t\t\t\t\t<span class=\"icon-watched\"><i aria-hidden=\"true\" class=\"fas fa-check-circle\"><\/i><\/span>\n\t\t\t\t\t\t\t\t\t\t\t\t\t\t\t\t\t\t\t\t<h4 class=\"e-tab-title-text\">\n\t\t\t\t\t\t\t\t\t\t\t<button type=\"button\">myJF Comment se connecter<\/button>\n\t\t\t\t\t\t\t\t\t\t<\/h4>\n\t\t\t\t\t\t\t\t\t\t\t\t\t\t\t\t\t\t\t\t\t<span class=\"e-tab-duration\">0:17<\/span>\n\t\t\t\t\t\t\t\t\t\t\t\t\t\t\t\t\t\t\t<\/div>\n\t\t\t\t\t\t\t\t\t\t\t\t\t\t\t\t\t\t\t\t\t<\/div>\n\t\t\t\t\t\t<div class=\"shadow shadow-top\" aria-hidden=\"true\"><\/div>\n\t\t\t\t\t\t<div class=\"shadow shadow-bottom\" aria-hidden=\"true\"><\/div>\n\t\t\t\t\t<\/div>\n\t\t\t\t<\/div>\n\n\t\t\t\t<div class=\"e-tabs-content-wrapper\" role=\"tablist\" aria-orientation=\"vertical\">\n\t\t\t\t\t\t\t\t\t\t\t<div id=\"e-tab-content-1381\" class=\"e-tab-content elementor-clearfix\" data-tab=\"1\" role=\"tabpanel\" aria-labelledby=\"e-tab-title-1381\" tabindex=\"0\" data-video-url=\"https:\/\/www.youtube.com\/watch?v=pR5scADfUSM\" data-video-type=\"youtube\" data-video-title=\"myJF Comment Ajouter des Utilisateurs\" data-video-duration=\"0:45\">\n\t\t\t\t\t\t\t<div><\/div>\n\t\t\t\t\t\t\t\t\t\t\t\t\t<\/div>\n\t\t\t\t\t\t\t\t\t\t\t<div id=\"e-tab-content-1382\" class=\"e-tab-content elementor-clearfix\" data-tab=\"2\" role=\"tabpanel\" aria-labelledby=\"e-tab-title-1382\" tabindex=\"0\" data-video-url=\"https:\/\/www.youtube.com\/watch?v=8sojNJdb06Q\" data-video-type=\"youtube\" data-video-title=\"myJF Comment s&#039;enregistrer\" data-video-duration=\"0:16\" hidden=\"hidden\">\n\t\t\t\t\t\t\t<div><\/div>\n\t\t\t\t\t\t\t\t\t\t\t\t\t<\/div>\n\t\t\t\t\t\t\t\t\t\t\t<div id=\"e-tab-content-1383\" class=\"e-tab-content elementor-clearfix\" data-tab=\"3\" role=\"tabpanel\" aria-labelledby=\"e-tab-title-1383\" tabindex=\"0\" data-video-url=\"https:\/\/www.youtube.com\/watch?v=1Y3dwWy4uiI\" data-video-type=\"youtube\" data-video-title=\"myJF Comment passer une commande\" data-video-duration=\"1:34\" hidden=\"hidden\">\n\t\t\t\t\t\t\t<div><\/div>\n\t\t\t\t\t\t\t\t\t\t\t\t\t<\/div>\n\t\t\t\t\t\t\t\t\t\t\t<div id=\"e-tab-content-1384\" class=\"e-tab-content elementor-clearfix\" data-tab=\"4\" role=\"tabpanel\" aria-labelledby=\"e-tab-title-1384\" tabindex=\"0\" data-video-url=\"https:\/\/www.youtube.com\/watch?v=9oO0FsJJito\" data-video-type=\"youtube\" data-video-title=\"myJF Comment commander des m\u00e9mos\" data-video-duration=\"0:39\" hidden=\"hidden\">\n\t\t\t\t\t\t\t<div><\/div>\n\t\t\t\t\t\t\t\t\t\t\t\t\t<\/div>\n\t\t\t\t\t\t\t\t\t\t\t<div id=\"e-tab-content-1385\" class=\"e-tab-content elementor-clearfix\" data-tab=\"5\" role=\"tabpanel\" aria-labelledby=\"e-tab-title-1385\" tabindex=\"0\" data-video-url=\"https:\/\/www.youtube.com\/watch?v=qOSm_E3yMEg\" data-video-type=\"youtube\" data-video-title=\"myJF Comment se connecter\" data-video-duration=\"0:17\" hidden=\"hidden\">\n\t\t\t\t\t\t\t<div><\/div>\n\t\t\t\t\t\t\t\t\t\t\t\t\t<\/div>\n\t\t\t\t\t\t\t\t\t<\/div>\n\t\t\t<\/div>\n\n\t\t\t<div class=\"e-tabs-inner-tabs\" >\n\t\t\t\t\t\t\t\t\t\t\t\t\t\t\t\t\t\t\t\t\t\t\t\t\t\t\t\t\t\t\t\t\t\t\t\t\t\t\t\t\t\t\t\t\t\t\t\t\t\t\t\t<\/div>\n\t\t<\/div>\n\t\t\t\t\t\t<\/div>\n\t\t\t\t<\/div>\n\t\t\t\t\t<\/div>\n\t\t<\/div>\n\t\t\t\t\t<\/div>\n\t\t<\/section>\n\t\t\t\t<\/div>\n\t\t","protected":false},"excerpt":{"rendered":"<p>Vid\u00e9os explicatives Vid\u00e9os explicatives 5 Videos myJF Comment Ajouter des Utilisateurs 0:45 myJF Comment s&rsquo;enregistrer 0:16 myJF Comment passer une&#8230; <a class=\"excerpt-read-more\" href=\"https:\/\/www.jffabrics.com\/fr\/videos-pratiques\/\" title=\"LuVid\u00e9os pratiques\">En lire plus<\/a><\/p>\n","protected":false},"author":3721,"featured_media":0,"parent":0,"menu_order":0,"comment_status":"closed","ping_status":"closed","template":"","meta":{"_acf_changed":false,"footnotes":""},"class_list":["post-108125","page","type-page","status-publish","hentry"],"acf":[],"yoast_head":"<!-- This site is optimized with the Yoast SEO plugin v27.3 - https:\/\/yoast.com\/product\/yoast-seo-wordpress\/ -->\n<title>Vid\u00e9os pratiques - JF Fabrics<\/title>\n<meta name=\"robots\" content=\"index, follow, max-snippet:-1, max-image-preview:large, max-video-preview:-1\" \/>\n<link rel=\"canonical\" href=\"https:\/\/www.jffabrics.com\/fr\/videos-pratiques\/\" \/>\n<meta property=\"og:locale\" content=\"fr_FR\" \/>\n<meta property=\"og:type\" content=\"article\" \/>\n<meta property=\"og:title\" content=\"Vid\u00e9os pratiques - JF Fabrics\" \/>\n<meta property=\"og:description\" content=\"Vid\u00e9os explicatives Vid\u00e9os explicatives 5 Videos myJF Comment Ajouter des Utilisateurs 0:45 myJF Comment s&rsquo;enregistrer 0:16 myJF Comment passer une... En lire plus\" \/>\n<meta property=\"og:url\" content=\"https:\/\/www.jffabrics.com\/fr\/videos-pratiques\/\" \/>\n<meta property=\"og:site_name\" content=\"JF Fabrics\" \/>\n<meta property=\"article:modified_time\" content=\"2022-07-06T20:30:05+00:00\" \/>\n<meta name=\"twitter:card\" content=\"summary_large_image\" \/>\n<script type=\"application\/ld+json\" class=\"yoast-schema-graph\">{\"@context\":\"https:\\\/\\\/schema.org\",\"@graph\":[{\"@type\":\"WebPage\",\"@id\":\"https:\\\/\\\/www.jffabrics.com\\\/fr\\\/videos-pratiques\\\/\",\"url\":\"https:\\\/\\\/www.jffabrics.com\\\/fr\\\/videos-pratiques\\\/\",\"name\":\"Vid\u00e9os pratiques - JF Fabrics\",\"isPartOf\":{\"@id\":\"https:\\\/\\\/www.jffabrics.com\\\/fr\\\/#website\"},\"datePublished\":\"2021-11-12T21:05:57+00:00\",\"dateModified\":\"2022-07-06T20:30:05+00:00\",\"breadcrumb\":{\"@id\":\"https:\\\/\\\/www.jffabrics.com\\\/fr\\\/videos-pratiques\\\/#breadcrumb\"},\"inLanguage\":\"fr-FR\",\"potentialAction\":[{\"@type\":\"ReadAction\",\"target\":[\"https:\\\/\\\/www.jffabrics.com\\\/fr\\\/videos-pratiques\\\/\"]}]},{\"@type\":\"BreadcrumbList\",\"@id\":\"https:\\\/\\\/www.jffabrics.com\\\/fr\\\/videos-pratiques\\\/#breadcrumb\",\"itemListElement\":[{\"@type\":\"ListItem\",\"position\":1,\"name\":\"Home\",\"item\":\"https:\\\/\\\/www.jffabrics.com\\\/fr\\\/\"},{\"@type\":\"ListItem\",\"position\":2,\"name\":\"Vid\u00e9os pratiques\"}]},{\"@type\":\"WebSite\",\"@id\":\"https:\\\/\\\/www.jffabrics.com\\\/fr\\\/#website\",\"url\":\"https:\\\/\\\/www.jffabrics.com\\\/fr\\\/\",\"name\":\"JF Fabrics\",\"description\":\"Cr\u00e9ativit\u00e9 sur demande\",\"publisher\":{\"@id\":\"https:\\\/\\\/www.jffabrics.com\\\/fr\\\/#organization\"},\"potentialAction\":[{\"@type\":\"SearchAction\",\"target\":{\"@type\":\"EntryPoint\",\"urlTemplate\":\"https:\\\/\\\/www.jffabrics.com\\\/fr\\\/?s={search_term_string}\"},\"query-input\":{\"@type\":\"PropertyValueSpecification\",\"valueRequired\":true,\"valueName\":\"search_term_string\"}}],\"inLanguage\":\"fr-FR\"},{\"@type\":\"Organization\",\"@id\":\"https:\\\/\\\/www.jffabrics.com\\\/fr\\\/#organization\",\"name\":\"JF Fabrics\",\"url\":\"https:\\\/\\\/www.jffabrics.com\\\/fr\\\/\",\"logo\":{\"@type\":\"ImageObject\",\"inLanguage\":\"fr-FR\",\"@id\":\"https:\\\/\\\/www.jffabrics.com\\\/fr\\\/#\\\/schema\\\/logo\\\/image\\\/\",\"url\":\"https:\\\/\\\/www.jffabrics.com\\\/wp-content\\\/uploads\\\/2018\\\/07\\\/jf-logo-black.svg\",\"contentUrl\":\"https:\\\/\\\/www.jffabrics.com\\\/wp-content\\\/uploads\\\/2018\\\/07\\\/jf-logo-black.svg\",\"caption\":\"JF Fabrics\"},\"image\":{\"@id\":\"https:\\\/\\\/www.jffabrics.com\\\/fr\\\/#\\\/schema\\\/logo\\\/image\\\/\"}}]}<\/script>\n<!-- \/ Yoast SEO plugin. -->","yoast_head_json":{"title":"Vid\u00e9os pratiques - JF Fabrics","robots":{"index":"index","follow":"follow","max-snippet":"max-snippet:-1","max-image-preview":"max-image-preview:large","max-video-preview":"max-video-preview:-1"},"canonical":"https:\/\/www.jffabrics.com\/fr\/videos-pratiques\/","og_locale":"fr_FR","og_type":"article","og_title":"Vid\u00e9os pratiques - JF Fabrics","og_description":"Vid\u00e9os explicatives Vid\u00e9os explicatives 5 Videos myJF Comment Ajouter des Utilisateurs 0:45 myJF Comment s&rsquo;enregistrer 0:16 myJF Comment passer une... En lire plus","og_url":"https:\/\/www.jffabrics.com\/fr\/videos-pratiques\/","og_site_name":"JF Fabrics","article_modified_time":"2022-07-06T20:30:05+00:00","twitter_card":"summary_large_image","schema":{"@context":"https:\/\/schema.org","@graph":[{"@type":"WebPage","@id":"https:\/\/www.jffabrics.com\/fr\/videos-pratiques\/","url":"https:\/\/www.jffabrics.com\/fr\/videos-pratiques\/","name":"Vid\u00e9os pratiques - JF Fabrics","isPartOf":{"@id":"https:\/\/www.jffabrics.com\/fr\/#website"},"datePublished":"2021-11-12T21:05:57+00:00","dateModified":"2022-07-06T20:30:05+00:00","breadcrumb":{"@id":"https:\/\/www.jffabrics.com\/fr\/videos-pratiques\/#breadcrumb"},"inLanguage":"fr-FR","potentialAction":[{"@type":"ReadAction","target":["https:\/\/www.jffabrics.com\/fr\/videos-pratiques\/"]}]},{"@type":"BreadcrumbList","@id":"https:\/\/www.jffabrics.com\/fr\/videos-pratiques\/#breadcrumb","itemListElement":[{"@type":"ListItem","position":1,"name":"Home","item":"https:\/\/www.jffabrics.com\/fr\/"},{"@type":"ListItem","position":2,"name":"Vid\u00e9os pratiques"}]},{"@type":"WebSite","@id":"https:\/\/www.jffabrics.com\/fr\/#website","url":"https:\/\/www.jffabrics.com\/fr\/","name":"JF Fabrics","description":"Cr\u00e9ativit\u00e9 sur demande","publisher":{"@id":"https:\/\/www.jffabrics.com\/fr\/#organization"},"potentialAction":[{"@type":"SearchAction","target":{"@type":"EntryPoint","urlTemplate":"https:\/\/www.jffabrics.com\/fr\/?s={search_term_string}"},"query-input":{"@type":"PropertyValueSpecification","valueRequired":true,"valueName":"search_term_string"}}],"inLanguage":"fr-FR"},{"@type":"Organization","@id":"https:\/\/www.jffabrics.com\/fr\/#organization","name":"JF Fabrics","url":"https:\/\/www.jffabrics.com\/fr\/","logo":{"@type":"ImageObject","inLanguage":"fr-FR","@id":"https:\/\/www.jffabrics.com\/fr\/#\/schema\/logo\/image\/","url":"https:\/\/www.jffabrics.com\/wp-content\/uploads\/2018\/07\/jf-logo-black.svg","contentUrl":"https:\/\/www.jffabrics.com\/wp-content\/uploads\/2018\/07\/jf-logo-black.svg","caption":"JF Fabrics"},"image":{"@id":"https:\/\/www.jffabrics.com\/fr\/#\/schema\/logo\/image\/"}}]}},"_links":{"self":[{"href":"https:\/\/www.jffabrics.com\/fr\/wp-json\/wp\/v2\/pages\/108125","targetHints":{"allow":["GET"]}}],"collection":[{"href":"https:\/\/www.jffabrics.com\/fr\/wp-json\/wp\/v2\/pages"}],"about":[{"href":"https:\/\/www.jffabrics.com\/fr\/wp-json\/wp\/v2\/types\/page"}],"author":[{"embeddable":true,"href":"https:\/\/www.jffabrics.com\/fr\/wp-json\/wp\/v2\/users\/3721"}],"replies":[{"embeddable":true,"href":"https:\/\/www.jffabrics.com\/fr\/wp-json\/wp\/v2\/comments?post=108125"}],"version-history":[{"count":0,"href":"https:\/\/www.jffabrics.com\/fr\/wp-json\/wp\/v2\/pages\/108125\/revisions"}],"wp:attachment":[{"href":"https:\/\/www.jffabrics.com\/fr\/wp-json\/wp\/v2\/media?parent=108125"}],"curies":[{"name":"wp","href":"https:\/\/api.w.org\/{rel}","templated":true}]}}